{"id":62123,"date":"2023-03-14T08:51:58","date_gmt":"2023-03-14T07:51:58","guid":{"rendered":"https:\/\/www.robisa.es\/?page_id=62123"},"modified":"2023-03-14T09:47:18","modified_gmt":"2023-03-14T08:47:18","slug":"sprig-pt","status":"publish","type":"page","link":"https:\/\/www.robisa.es\/pt\/sprig-pt\/","title":{"rendered":"SPRIG"},"content":{"rendered":"<div class=\"flex_column av_one_half  flex_column_div av-zero-column-padding first  \" style='border-radius:0px; '><div class='avia-image-container  av-styling-    avia-align-center '  ><div class='avia-image-container-inner'><a href='https:\/\/www.robisa.es\/shop\/213-sprig' class='avia_image'  ><img class='avia_image ' src='https:\/\/www.robisa.es\/wp-content\/uploads\/2023\/02\/sprig-1.png' alt='' title='sprig'  \/><\/a><\/div><\/div><\/div>\n<div class=\"flex_column av_one_half  flex_column_div av-zero-column-padding   \" style='border-radius:0px; '><p><div style='height:50px' class='hr hr-invisible  '><span class='hr-inner ' ><span class='hr-inner-style'><\/span><\/span><\/div><br \/>\n<section class=\"av_textblock_section \" ><div class='avia_textblock  '  ><p style=\"text-align: justify;\"><span style=\"font-family: montserrat;\">O Sprig facilita a organiza\u00e7\u00e3o dos cabos nas superf\u00edcies do seu equipamento de cinema. O seu design, pendente de patente, proporciona uma instala\u00e7\u00e3o flex\u00edvel e ultrarr\u00e1pida para ambientes de trabalho exigentes.<\/span><\/p>\n<\/div><\/section><\/p><\/div><div style='height:50px' class='hr hr-invisible  '><span class='hr-inner ' ><span class='hr-inner-style'><\/span><\/span><\/div><\/p>\n<div class='avia-image-container  av-styling-    avia-align-center '  ><div class='avia-image-container-inner'><img class='avia_image ' src='https:\/\/www.robisa.es\/wp-content\/uploads\/2023\/03\/S6PK_1420-R_Action2.jpg' alt='' title='S6PK_1420-R_Action2'   \/><\/div><\/div>\n<div style='height:50px' class='hr hr-invisible  '><span class='hr-inner ' ><span class='hr-inner-style'><\/span><\/span><\/div>\n<div class=\"flex_column av_one_third  flex_column_div av-zero-column-padding first  \" style='border-radius:0px; '><p><div class='avia-image-container  av-styling-    avia-align-center '  ><div class='avia-image-container-inner'><a href='https:\/\/www.robisa.es\/shop\/sprig\/2060-clips-para-cables-negro-14-pack-de-6-850026670011.html' class='avia_image'  ><img class='avia_image ' src='https:\/\/www.robisa.es\/wp-content\/uploads\/2023\/02\/S6PK-1420-R_Packaging.png' alt='' title='S6PK-1420-R_Packaging'  \/><\/a><\/div><\/div><br \/>\n<section class=\"av_textblock_section \" ><div class='avia_textblock  '  ><p style=\"text-align: center;\"><strong><span style=\"font-family: montserrat;\">Pacote de 6 SPRIG (1\/4\u2033-20)<\/span><\/strong><\/p>\n<\/div><\/section><\/p><\/div>\n<div class=\"flex_column av_one_third  flex_column_div av-zero-column-padding   \" style='border-radius:0px; '><p><div class='avia-image-container  av-styling-    avia-align-center '  ><div class='avia-image-container-inner'><a href='https:\/\/www.robisa.es\/shop\/sprig\/2074-clips-para-cables-negro-14-pack-de-6-850026670165.html' class='avia_image'  ><img class='avia_image ' src='https:\/\/www.robisa.es\/wp-content\/uploads\/2023\/02\/S3PK-3816-GLO_Packaging.jpg' alt='' title='S3PK-3816-GLO_Packaging'  \/><\/a><\/div><\/div><br \/>\n<section class=\"av_textblock_section \" ><div class='avia_textblock  '  ><p style=\"text-align: center;\"><strong><span style=\"font-family: montserrat;\">Pacote de 3 SPRIG grandes (3\/8&#8243;-16)<\/span><\/strong><\/p>\n<\/div><\/section><\/p><\/div>\n<div class=\"flex_column av_one_third  flex_column_div av-zero-column-padding   \" style='border-radius:0px; '><p><div class='avia-image-container  av-styling-    avia-align-center '  ><div class='avia-image-container-inner'><a href='https:\/\/www.robisa.es\/shop\/sprig\/2075-clips-para-cables-negro-14-pack-de-6-850026670080.html' class='avia_image'  ><img class='avia_image ' src='https:\/\/www.robisa.es\/wp-content\/uploads\/2023\/02\/SH3D-1420-GREY.jpg' alt='' title='SH3D-1420-GREY'  \/><\/a><\/div><\/div><br \/>\n<div style='height:15px' class='hr hr-invisible  '><span class='hr-inner ' ><span class='hr-inner-style'><\/span><\/span><\/div><br \/>\n<section class=\"av_textblock_section \" ><div class='avia_textblock  '  ><p style=\"text-align: center;\"><strong><span style=\"font-family: montserrat;\">Suporte de 6 (1\/4&#8243;-20)<\/span><\/strong><\/p>\n<\/div><\/section><\/p><\/div>\n<div style='height:50px' class='hr hr-invisible  '><span class='hr-inner ' ><span class='hr-inner-style'><\/span><\/span><\/div>\n<section class=\"av_textblock_section \" ><div class='avia_textblock  '  ><p style=\"text-align: justify;\"><span style=\"font-family: montserrat;\">Os Sprig est\u00e3o dispon\u00edveis em v\u00e1rias cores, incluindo: preto, verde, rosa, laranja, azul e vermelho. Al\u00e9m disso, est\u00e1 tamb\u00e9m dispon\u00edvel uma vers\u00e3o que brilha no escuro. Basta pressionar o Sprig sobre qualquer equipamento de cinema e ficar\u00e1 seguro. Para o soltar, basta uma simples tor\u00e7\u00e3o.<\/span><\/p>\n<\/div><\/section>\n<div style='height:50px' class='hr hr-invisible  '><span class='hr-inner ' ><span class='hr-inner-style'><\/span><\/span><\/div>\n<div class='avia-image-container  av-styling-    avia-align-center '  ><div class='avia-image-container-inner'><img class='avia_image ' src='https:\/\/www.robisa.es\/wp-content\/uploads\/2023\/03\/S6PK_1420-R_Action1.jpg' alt='' title='S6PK_1420-R_Action1'   \/><\/div><\/div>\n<div style='height:50px' class='hr hr-invisible  '><span class='hr-inner ' ><span class='hr-inner-style'><\/span><\/span><\/div>\n<div class='avia-button-wrap avia-button-center '><a href='https:\/\/www.robisa.es\/wp-content\/uploads\/2023\/03\/PR_Nova-marca_SPRIG_pt.zip' class='avia-button   avia-icon_select-no avia-color-theme-color avia-size-large avia-position-center '  target=\"_blank\"   ><span class='avia_iconbox_title' >DESCARGAR NOTA DE IMPRENSA E IM\u00c1GENES<\/span><\/a><\/div>\n","protected":false},"excerpt":{"rendered":"","protected":false},"author":8,"featured_media":0,"parent":0,"menu_order":0,"comment_status":"closed","ping_status":"closed","template":"","meta":{"footnotes":""},"class_list":["post-62123","page","type-page","status-publish","hentry"],"yoast_head":"<!-- This site is optimized with the Yoast SEO plugin v27.5 - https:\/\/yoast.com\/product\/yoast-seo-wordpress\/ -->\n<title>SPRIG<\/title>\n<meta name=\"description\" content=\"O Sprig facilita a organiza\u00e7\u00e3o dos cabos nas superf\u00edcies do seu equipamento de cinema. O seu design, pendente de patente, proporciona uma instala\u00e7\u00e3o flex\u00edvel e ultrarr\u00e1pida para ambientes de trabalho exigentes.\" \/>\n<meta name=\"robots\" content=\"index, follow, max-snippet:-1, max-image-preview:large, max-video-preview:-1\" \/>\n<link rel=\"canonical\" href=\"https:\/\/www.robisa.es\/pt\/sprig-pt\/\" \/>\n<meta property=\"og:locale\" content=\"pt_PT\" \/>\n<meta property=\"og:type\" content=\"article\" \/>\n<meta property=\"og:title\" content=\"SPRIG\" \/>\n<meta property=\"og:description\" content=\"O Sprig facilita a organiza\u00e7\u00e3o dos cabos nas superf\u00edcies do seu equipamento de cinema. O seu design, pendente de patente, proporciona uma instala\u00e7\u00e3o flex\u00edvel e ultrarr\u00e1pida para ambientes de trabalho exigentes.\" \/>\n<meta property=\"og:url\" content=\"https:\/\/www.robisa.es\/pt\/sprig-pt\/\" \/>\n<meta property=\"og:site_name\" content=\"ROBISA\" \/>\n<meta property=\"article:publisher\" content=\"http:\/\/www.facebook.com\/pages\/ROBISA\/236622023060912\" \/>\n<meta property=\"article:modified_time\" content=\"2023-03-14T08:47:18+00:00\" \/>\n<meta name=\"twitter:card\" content=\"summary_large_image\" \/>\n<meta name=\"twitter:site\" content=\"@ROBISA\" \/>\n<meta name=\"twitter:label1\" content=\"Est. reading time\" \/>\n\t<meta name=\"twitter:data1\" content=\"6 minutes\" \/>\n<script type=\"application\/ld+json\" class=\"yoast-schema-graph\">{\"@context\":\"https:\\\/\\\/schema.org\",\"@graph\":[{\"@type\":\"WebPage\",\"@id\":\"https:\\\/\\\/www.robisa.es\\\/pt\\\/sprig-pt\\\/\",\"url\":\"https:\\\/\\\/www.robisa.es\\\/pt\\\/sprig-pt\\\/\",\"name\":\"SPRIG\",\"isPartOf\":{\"@id\":\"https:\\\/\\\/www.robisa.es\\\/pt\\\/#website\"},\"datePublished\":\"2023-03-14T07:51:58+00:00\",\"dateModified\":\"2023-03-14T08:47:18+00:00\",\"description\":\"O Sprig facilita a organiza\u00e7\u00e3o dos cabos nas superf\u00edcies do seu equipamento de cinema. O seu design, pendente de patente, proporciona uma instala\u00e7\u00e3o flex\u00edvel e ultrarr\u00e1pida para ambientes de trabalho exigentes.\",\"breadcrumb\":{\"@id\":\"https:\\\/\\\/www.robisa.es\\\/pt\\\/sprig-pt\\\/#breadcrumb\"},\"inLanguage\":\"pt\",\"potentialAction\":[{\"@type\":\"ReadAction\",\"target\":[\"https:\\\/\\\/www.robisa.es\\\/pt\\\/sprig-pt\\\/\"]}]},{\"@type\":\"BreadcrumbList\",\"@id\":\"https:\\\/\\\/www.robisa.es\\\/pt\\\/sprig-pt\\\/#breadcrumb\",\"itemListElement\":[{\"@type\":\"ListItem\",\"position\":1,\"name\":\"Portada\",\"item\":\"https:\\\/\\\/www.robisa.es\\\/pt\\\/home\\\/\"},{\"@type\":\"ListItem\",\"position\":2,\"name\":\"SPRIG\"}]},{\"@type\":\"WebSite\",\"@id\":\"https:\\\/\\\/www.robisa.es\\\/pt\\\/#website\",\"url\":\"https:\\\/\\\/www.robisa.es\\\/pt\\\/\",\"name\":\"ROBISA\",\"description\":\"Los mejores productos de fotograf\u00eda para profesionales y particulares con total garant\u00eda\",\"publisher\":{\"@id\":\"https:\\\/\\\/www.robisa.es\\\/pt\\\/#organization\"},\"potentialAction\":[{\"@type\":\"SearchAction\",\"target\":{\"@type\":\"EntryPoint\",\"urlTemplate\":\"https:\\\/\\\/www.robisa.es\\\/pt\\\/?s={search_term_string}\"},\"query-input\":{\"@type\":\"PropertyValueSpecification\",\"valueRequired\":true,\"valueName\":\"search_term_string\"}}],\"inLanguage\":\"pt\"},{\"@type\":\"Organization\",\"@id\":\"https:\\\/\\\/www.robisa.es\\\/pt\\\/#organization\",\"name\":\"Robisa\",\"url\":\"https:\\\/\\\/www.robisa.es\\\/pt\\\/\",\"logo\":{\"@type\":\"ImageObject\",\"inLanguage\":\"pt\",\"@id\":\"https:\\\/\\\/www.robisa.es\\\/pt\\\/#\\\/schema\\\/logo\\\/image\\\/\",\"url\":\"https:\\\/\\\/www.robisa.es\\\/wp-content\\\/uploads\\\/2016\\\/01\\\/robisa-rgb_negro-NEW-02.png\",\"contentUrl\":\"https:\\\/\\\/www.robisa.es\\\/wp-content\\\/uploads\\\/2016\\\/01\\\/robisa-rgb_negro-NEW-02.png\",\"width\":675,\"height\":298,\"caption\":\"Robisa\"},\"image\":{\"@id\":\"https:\\\/\\\/www.robisa.es\\\/pt\\\/#\\\/schema\\\/logo\\\/image\\\/\"},\"sameAs\":[\"http:\\\/\\\/www.facebook.com\\\/pages\\\/ROBISA\\\/236622023060912\",\"https:\\\/\\\/x.com\\\/ROBISA\",\"https:\\\/\\\/www.instagram.com\\\/robisa.es\\\/\",\"https:\\\/\\\/www.linkedin.com\\\/company\\\/rodolfo-biber-s-a-robisa-\",\"http:\\\/\\\/www.youtube.com\\\/user\\\/robisavideos\"]}]}<\/script>\n<!-- \/ Yoast SEO plugin. -->","yoast_head_json":{"title":"SPRIG","description":"O Sprig facilita a organiza\u00e7\u00e3o dos cabos nas superf\u00edcies do seu equipamento de cinema. O seu design, pendente de patente, proporciona uma instala\u00e7\u00e3o flex\u00edvel e ultrarr\u00e1pida para ambientes de trabalho exigentes.","robots":{"index":"index","follow":"follow","max-snippet":"max-snippet:-1","max-image-preview":"max-image-preview:large","max-video-preview":"max-video-preview:-1"},"canonical":"https:\/\/www.robisa.es\/pt\/sprig-pt\/","og_locale":"pt_PT","og_type":"article","og_title":"SPRIG","og_description":"O Sprig facilita a organiza\u00e7\u00e3o dos cabos nas superf\u00edcies do seu equipamento de cinema. O seu design, pendente de patente, proporciona uma instala\u00e7\u00e3o flex\u00edvel e ultrarr\u00e1pida para ambientes de trabalho exigentes.","og_url":"https:\/\/www.robisa.es\/pt\/sprig-pt\/","og_site_name":"ROBISA","article_publisher":"http:\/\/www.facebook.com\/pages\/ROBISA\/236622023060912","article_modified_time":"2023-03-14T08:47:18+00:00","twitter_card":"summary_large_image","twitter_site":"@ROBISA","twitter_misc":{"Est. reading time":"6 minutes"},"schema":{"@context":"https:\/\/schema.org","@graph":[{"@type":"WebPage","@id":"https:\/\/www.robisa.es\/pt\/sprig-pt\/","url":"https:\/\/www.robisa.es\/pt\/sprig-pt\/","name":"SPRIG","isPartOf":{"@id":"https:\/\/www.robisa.es\/pt\/#website"},"datePublished":"2023-03-14T07:51:58+00:00","dateModified":"2023-03-14T08:47:18+00:00","description":"O Sprig facilita a organiza\u00e7\u00e3o dos cabos nas superf\u00edcies do seu equipamento de cinema. O seu design, pendente de patente, proporciona uma instala\u00e7\u00e3o flex\u00edvel e ultrarr\u00e1pida para ambientes de trabalho exigentes.","breadcrumb":{"@id":"https:\/\/www.robisa.es\/pt\/sprig-pt\/#breadcrumb"},"inLanguage":"pt","potentialAction":[{"@type":"ReadAction","target":["https:\/\/www.robisa.es\/pt\/sprig-pt\/"]}]},{"@type":"BreadcrumbList","@id":"https:\/\/www.robisa.es\/pt\/sprig-pt\/#breadcrumb","itemListElement":[{"@type":"ListItem","position":1,"name":"Portada","item":"https:\/\/www.robisa.es\/pt\/home\/"},{"@type":"ListItem","position":2,"name":"SPRIG"}]},{"@type":"WebSite","@id":"https:\/\/www.robisa.es\/pt\/#website","url":"https:\/\/www.robisa.es\/pt\/","name":"ROBISA","description":"Los mejores productos de fotograf\u00eda para profesionales y particulares con total garant\u00eda","publisher":{"@id":"https:\/\/www.robisa.es\/pt\/#organization"},"potentialAction":[{"@type":"SearchAction","target":{"@type":"EntryPoint","urlTemplate":"https:\/\/www.robisa.es\/pt\/?s={search_term_string}"},"query-input":{"@type":"PropertyValueSpecification","valueRequired":true,"valueName":"search_term_string"}}],"inLanguage":"pt"},{"@type":"Organization","@id":"https:\/\/www.robisa.es\/pt\/#organization","name":"Robisa","url":"https:\/\/www.robisa.es\/pt\/","logo":{"@type":"ImageObject","inLanguage":"pt","@id":"https:\/\/www.robisa.es\/pt\/#\/schema\/logo\/image\/","url":"https:\/\/www.robisa.es\/wp-content\/uploads\/2016\/01\/robisa-rgb_negro-NEW-02.png","contentUrl":"https:\/\/www.robisa.es\/wp-content\/uploads\/2016\/01\/robisa-rgb_negro-NEW-02.png","width":675,"height":298,"caption":"Robisa"},"image":{"@id":"https:\/\/www.robisa.es\/pt\/#\/schema\/logo\/image\/"},"sameAs":["http:\/\/www.facebook.com\/pages\/ROBISA\/236622023060912","https:\/\/x.com\/ROBISA","https:\/\/www.instagram.com\/robisa.es\/","https:\/\/www.linkedin.com\/company\/rodolfo-biber-s-a-robisa-","http:\/\/www.youtube.com\/user\/robisavideos"]}]}},"_links":{"self":[{"href":"https:\/\/www.robisa.es\/pt\/wp-json\/wp\/v2\/pages\/62123","targetHints":{"allow":["GET"]}}],"collection":[{"href":"https:\/\/www.robisa.es\/pt\/wp-json\/wp\/v2\/pages"}],"about":[{"href":"https:\/\/www.robisa.es\/pt\/wp-json\/wp\/v2\/types\/page"}],"author":[{"embeddable":true,"href":"https:\/\/www.robisa.es\/pt\/wp-json\/wp\/v2\/users\/8"}],"replies":[{"embeddable":true,"href":"https:\/\/www.robisa.es\/pt\/wp-json\/wp\/v2\/comments?post=62123"}],"version-history":[{"count":6,"href":"https:\/\/www.robisa.es\/pt\/wp-json\/wp\/v2\/pages\/62123\/revisions"}],"predecessor-version":[{"id":70044,"href":"https:\/\/www.robisa.es\/pt\/wp-json\/wp\/v2\/pages\/62123\/revisions\/70044"}],"wp:attachment":[{"href":"https:\/\/www.robisa.es\/pt\/wp-json\/wp\/v2\/media?parent=62123"}],"curies":[{"name":"wp","href":"https:\/\/api.w.org\/{rel}","templated":true}]}}