{"id":64873,"date":"2023-08-25T09:00:30","date_gmt":"2023-08-25T07:00:30","guid":{"rendered":"https:\/\/www.robisa.es\/?page_id=64873"},"modified":"2025-07-01T09:27:30","modified_gmt":"2025-07-01T07:27:30","slug":"cobra-union","status":"publish","type":"page","link":"https:\/\/www.robisa.es\/pt\/cobra-union\/","title":{"rendered":"COBRA UNION"},"content":{"rendered":"<div style='height:50px' class='hr hr-invisible  '><span class='hr-inner ' ><span class='hr-inner-style'><\/span><\/span><\/div>\n<\/div><\/div><\/div><!-- close content main div --><\/div><\/div><div id='av_section_1' class='avia-section main_color avia-section-default avia-no-shadow avia-bg-style-scroll   container_wrap fullsize' style = 'background-color: #0a0000; '  ><div class='container' ><div class='template-page content  av-content-full alpha units'><div class='post-entry post-entry-type-page post-entry-64873'><div class='entry-content-wrapper clearfix'>\n<div style='height:50px' class='hr hr-invisible  '><span class='hr-inner ' ><span class='hr-inner-style'><\/span><\/span><\/div>\n<div class='avia-image-container  av-styling-    avia-align-center '  ><div class='avia-image-container-inner'><img class='avia_image ' src='https:\/\/www.robisa.es\/wp-content\/uploads\/2025\/07\/SENDGRID-COBRA-TETHER-2-300x300.png' alt='' title='SENDGRID COBRA TETHER 2'   \/><\/div><\/div>\n<div class=\"flex_column av_one_half  flex_column_div av-zero-column-padding first  \" style='border-radius:0px; '><p><div style='height:200px' class='hr hr-invisible  '><span class='hr-inner ' ><span class='hr-inner-style'><\/span><\/span><\/div><br \/>\n<section class=\"av_textblock_section \" ><div class='avia_textblock  av_inherit_color '  style='color:#ffffff; ' ><p><span style=\"font-size: 24pt;\">O CABO PARA PROFISSIONAIS<\/span><\/p>\n<p><span style=\"font-size: 14pt;\">Constru\u00eddo para durar. Com um design dur\u00e1vel e flex\u00edvel, s\u00e3o suficientemente resistentes para suportar dobras e tor\u00e7\u00f5es, enquanto as tecnologias mais recentes permitem velocidades de transfer\u00eancia de dados r\u00e1pidas e fluxos de trabalho eficientes.<\/span><\/p>\n<p><span style=\"font-size: 14pt;\">Dispon\u00edveis em v\u00e1rias configura\u00e7\u00f5es e comprimentos at\u00e9 20 metros, os nossos cabos d\u00e3o-lhe a liberdade de se movimentar sem sacrificar uma liga\u00e7\u00e3o r\u00e1pida e est\u00e1vel.<\/span><\/p>\n<div class=\"video-with-text__text rte\"><\/div>\n<\/div><\/section><\/p><\/div><div class=\"flex_column av_one_half  flex_column_div av-zero-column-padding   \" style='border-radius:0px; '><section class=\"avia_codeblock_section  avia_code_block_0\" ><div class='avia_codeblock ' > [avia_codeblock_placeholder uid=\"0\"] <\/div><\/section><\/div><div style='height:50px' class='hr hr-invisible  '><span class='hr-inner ' ><span class='hr-inner-style'><\/span><\/span><\/div><section class=\"av_textblock_section \" ><div class='avia_textblock  av_inherit_color '  style='color:#ffffff; ' ><p><span style=\"font-size: 18pt;\"><strong><span style=\"font-family: montserrat;\">PRODUCTOS<\/span><\/strong><\/span><\/p>\n<\/div><\/section>\n<div style='height:50px' class='hr hr-invisible  '><span class='hr-inner ' ><span class='hr-inner-style'><\/span><\/span><\/div>\n<div class=\"flex_column av_one_fourth  flex_column_div av-zero-column-padding first  \" style='border-radius:0px; '><p><div class='avia-image-container  av-styling-    avia-align-center '  ><div class='avia-image-container-inner'><a href='https:\/\/www.robisa.es\/shop\/cobra-tether\/2148-cobra-tether-cable-usb-c-c-to-c-5m.html' class='avia_image'  ><img class='avia_image ' src='https:\/\/www.robisa.es\/wp-content\/uploads\/2023\/08\/5M-SA-DOUBLE.jpg' alt='' title='5M-SA-DOUBLE'  \/><\/a><\/div><\/div><br \/>\n<section class=\"av_textblock_section \" ><div class='avia_textblock  '  ><p style=\"text-align: center;\"><strong><span style=\"font-family: montserrat;\">\u00a0CABLE USB-C 90\u00ba (5M)<\/span><\/strong><\/p>\n<\/div><\/section><\/p><\/div><div class=\"flex_column av_one_fourth  flex_column_div av-zero-column-padding   \" style='border-radius:0px; '><p><div class='avia-image-container  av-styling-    avia-align-center '  ><div class='avia-image-container-inner'><a href='https:\/\/www.robisa.es\/shop\/cobra-tether\/2150-cobra-tether-alargador-usb-c-c-to-cf-5m.html' class='avia_image'  ><img class='avia_image ' src='https:\/\/www.robisa.es\/wp-content\/uploads\/2023\/08\/5M-EX-DOUBLE.jpg' alt='' title='5M-EX-DOUBLE'  \/><\/a><\/div><\/div><br \/>\n<section class=\"av_textblock_section \" ><div class='avia_textblock  '  ><p style=\"text-align: center;\"><strong><span style=\"font-family: montserrat;\">\u00a0ALARGADOR USB-C HEMBRA (5M)<\/span><\/strong><\/p>\n<\/div><\/section><\/p><\/div><div class=\"flex_column av_one_fourth  flex_column_div av-zero-column-padding   \" style='border-radius:0px; '><p><div class='avia-image-container  av-styling-    avia-align-center '  ><div class='avia-image-container-inner'><a href='https:\/\/www.robisa.es\/shop\/cobra-tether\/2151-cobra-tether-cable-angular-c-to-c-10m.html' class='avia_image'  ><img class='avia_image ' src='https:\/\/www.robisa.es\/wp-content\/uploads\/2023\/08\/10M-SA-DOUBLE.jpg' alt='' title='10M-SA-DOUBLE'  \/><\/a><\/div><\/div><br \/>\n<section class=\"av_textblock_section \" ><div class='avia_textblock  '  ><p style=\"text-align: center;\"><strong><span style=\"font-family: montserrat;\">\u00a0CABLE USB-C 90\u00ba (10M)<\/span><\/strong><\/p>\n<\/div><\/section><\/p><\/div><div class=\"flex_column av_one_fourth  flex_column_div av-zero-column-padding   \" style='border-radius:0px; '><p><div class='avia-image-container  av-styling-    avia-align-center '  ><div class='avia-image-container-inner'><a href='https:\/\/www.robisa.es\/shop\/cobra-tether\/2152-cobratether-cable-recto-usb-c-c-to-c-10m.html' class='avia_image'  ><img class='avia_image ' src='https:\/\/www.robisa.es\/wp-content\/uploads\/2023\/08\/10M-SS-DOUBLE.jpg' alt='' title='10M-SS-DOUBLE'  \/><\/a><\/div><\/div><br \/>\n<section class=\"av_textblock_section \" ><div class='avia_textblock  '  ><p style=\"text-align: center;\"><strong><span style=\"font-family: montserrat;\">\u00a0CABLE USB-C (10M)<\/span><\/strong><\/p>\n<\/div><\/section><\/p><\/div><div style='height:25px' class='hr hr-invisible  '><span class='hr-inner ' ><span class='hr-inner-style'><\/span><\/span><\/div>\n<div class=\"flex_column av_one_fourth  flex_column_div av-zero-column-padding first  \" style='border-radius:0px; '><p><div class='avia-image-container  av-styling-    avia-align-center '  ><div class='avia-image-container-inner'><a href='https:\/\/www.robisa.es\/shop\/cobra-tether\/2152-cobratether-cable-recto-usb-c-c-to-c-10m.html' class='avia_image'  ><img class='avia_image ' src='https:\/\/www.robisa.es\/wp-content\/uploads\/2023\/08\/10M-SS-DOUBLE.jpg' alt='' title='10M-SS-DOUBLE'  \/><\/a><\/div><\/div><br \/>\n<section class=\"av_textblock_section \" ><div class='avia_textblock  '  ><p style=\"text-align: center;\"><strong><span style=\"font-family: montserrat;\">\u00a0CABLE USB-C TO USB-C 5M RECTO<\/span><\/strong><\/p>\n<\/div><\/section><\/p><\/div><div class=\"flex_column av_one_fourth  flex_column_div av-zero-column-padding   \" style='border-radius:0px; '><p><div class='avia-image-container  av-styling-    avia-align-center '  ><div class='avia-image-container-inner'><a href='https:\/\/www.robisa.es\/shop\/cobra-tether\/2154-cobratether-cable-angular-usb-c-to-micro-b-5m-4270003549370.html' class='avia_image'  ><img class='avia_image ' src='https:\/\/www.robisa.es\/wp-content\/uploads\/2023\/08\/A1000269_Cobra-Tether-USB-MicroB-Cable-Anlged-5m-CtoMB-YELLOW-6.jpg' alt='' title='A1000269_Cobra-Tether-USB-MicroB-Cable-Anlged-5m-CtoMB-YELLOW-6'  \/><\/a><\/div><\/div><br \/>\n<section class=\"av_textblock_section \" ><div class='avia_textblock  '  ><p style=\"text-align: center;\"><strong><span style=\"font-family: montserrat;\">\u00a0CABLE USB-C TO MICRO-B (5M)<\/span><\/strong><\/p>\n<\/div><\/section><\/p><\/div><div class=\"flex_column av_one_fourth  flex_column_div av-zero-column-padding   \" style='border-radius:0px; '><p><div class='avia-image-container  av-styling-    avia-align-center '  ><div class='avia-image-container-inner'><a href='https:\/\/www.robisa.es\/shop\/cobra-tether\/2156-cobratether-cable-angular-usb-c-to-micro-b-5m-4270003549387.html' class='avia_image'  ><img class='avia_image ' src='https:\/\/www.robisa.es\/wp-content\/uploads\/2023\/08\/A1000270_Cobra-Tether-USB-MicroB-Cable-Anlged-10m-CtoMB-YELLOW-6.jpg' alt='' title='A1000270_Cobra-Tether-USB-MicroB-Cable-Anlged-10m-CtoMB-YELLOW-6'  \/><\/a><\/div><\/div><br \/>\n<section class=\"av_textblock_section \" ><div class='avia_textblock  '  ><p style=\"text-align: center;\"><strong><span style=\"font-family: montserrat;\">CABLE USB-C TO MICRO-B (10M)<\/span><\/strong><\/p>\n<\/div><\/section><\/p><\/div><div style='height:50px' class='hr hr-invisible  '><span class='hr-inner ' ><span class='hr-inner-style'><\/span><\/span><\/div><\/p>\n<\/div><\/div><\/div><!-- close content main div --><\/div><\/div><div id='full_slider_1' class='avia-fullwidth-slider main_color avia-shadow   container_wrap fullsize'   ><\/div>\n<p>&nbsp;<\/video><\/div>\n","protected":false},"excerpt":{"rendered":"<p>&nbsp;<\/p>\n","protected":false},"author":123571,"featured_media":0,"parent":0,"menu_order":0,"comment_status":"closed","ping_status":"closed","template":"","meta":{"footnotes":""},"class_list":["post-64873","page","type-page","status-publish","hentry"],"yoast_head":"<!-- This site is optimized with the Yoast SEO plugin v27.3 - https:\/\/yoast.com\/product\/yoast-seo-wordpress\/ -->\n<title>COBRA UNION - ROBISA<\/title>\n<meta name=\"robots\" content=\"index, follow, max-snippet:-1, max-image-preview:large, max-video-preview:-1\" \/>\n<link rel=\"canonical\" href=\"https:\/\/www.robisa.es\/pt\/cobra-union\/\" \/>\n<meta property=\"og:locale\" content=\"pt_PT\" \/>\n<meta property=\"og:type\" content=\"article\" \/>\n<meta property=\"og:title\" content=\"COBRA UNION - ROBISA\" \/>\n<meta property=\"og:description\" content=\"&nbsp;\" \/>\n<meta property=\"og:url\" content=\"https:\/\/www.robisa.es\/pt\/cobra-union\/\" \/>\n<meta property=\"og:site_name\" content=\"ROBISA\" \/>\n<meta property=\"article:publisher\" content=\"http:\/\/www.facebook.com\/pages\/ROBISA\/236622023060912\" \/>\n<meta property=\"article:modified_time\" content=\"2025-07-01T07:27:30+00:00\" \/>\n<meta name=\"twitter:card\" content=\"summary_large_image\" \/>\n<meta name=\"twitter:site\" content=\"@ROBISA\" \/>\n<meta name=\"twitter:label1\" content=\"Est. reading time\" \/>\n\t<meta name=\"twitter:data1\" content=\"9 minutes\" \/>\n<script type=\"application\/ld+json\" class=\"yoast-schema-graph\">{\"@context\":\"https:\\\/\\\/schema.org\",\"@graph\":[{\"@type\":\"WebPage\",\"@id\":\"https:\\\/\\\/www.robisa.es\\\/pt\\\/cobra-union\\\/\",\"url\":\"https:\\\/\\\/www.robisa.es\\\/pt\\\/cobra-union\\\/\",\"name\":\"COBRA UNION - ROBISA\",\"isPartOf\":{\"@id\":\"https:\\\/\\\/www.robisa.es\\\/pt\\\/#website\"},\"datePublished\":\"2023-08-25T07:00:30+00:00\",\"dateModified\":\"2025-07-01T07:27:30+00:00\",\"breadcrumb\":{\"@id\":\"https:\\\/\\\/www.robisa.es\\\/pt\\\/cobra-union\\\/#breadcrumb\"},\"inLanguage\":\"pt\",\"potentialAction\":[{\"@type\":\"ReadAction\",\"target\":[\"https:\\\/\\\/www.robisa.es\\\/pt\\\/cobra-union\\\/\"]}]},{\"@type\":\"BreadcrumbList\",\"@id\":\"https:\\\/\\\/www.robisa.es\\\/pt\\\/cobra-union\\\/#breadcrumb\",\"itemListElement\":[{\"@type\":\"ListItem\",\"position\":1,\"name\":\"Portada\",\"item\":\"https:\\\/\\\/www.robisa.es\\\/pt\\\/home\\\/\"},{\"@type\":\"ListItem\",\"position\":2,\"name\":\"COBRA UNION\"}]},{\"@type\":\"WebSite\",\"@id\":\"https:\\\/\\\/www.robisa.es\\\/pt\\\/#website\",\"url\":\"https:\\\/\\\/www.robisa.es\\\/pt\\\/\",\"name\":\"ROBISA\",\"description\":\"Los mejores productos de fotograf\u00eda para profesionales y particulares con total garant\u00eda\",\"publisher\":{\"@id\":\"https:\\\/\\\/www.robisa.es\\\/pt\\\/#organization\"},\"potentialAction\":[{\"@type\":\"SearchAction\",\"target\":{\"@type\":\"EntryPoint\",\"urlTemplate\":\"https:\\\/\\\/www.robisa.es\\\/pt\\\/?s={search_term_string}\"},\"query-input\":{\"@type\":\"PropertyValueSpecification\",\"valueRequired\":true,\"valueName\":\"search_term_string\"}}],\"inLanguage\":\"pt\"},{\"@type\":\"Organization\",\"@id\":\"https:\\\/\\\/www.robisa.es\\\/pt\\\/#organization\",\"name\":\"Robisa\",\"url\":\"https:\\\/\\\/www.robisa.es\\\/pt\\\/\",\"logo\":{\"@type\":\"ImageObject\",\"inLanguage\":\"pt\",\"@id\":\"https:\\\/\\\/www.robisa.es\\\/pt\\\/#\\\/schema\\\/logo\\\/image\\\/\",\"url\":\"https:\\\/\\\/www.robisa.es\\\/wp-content\\\/uploads\\\/2016\\\/01\\\/robisa-rgb_negro-NEW-02.png\",\"contentUrl\":\"https:\\\/\\\/www.robisa.es\\\/wp-content\\\/uploads\\\/2016\\\/01\\\/robisa-rgb_negro-NEW-02.png\",\"width\":675,\"height\":298,\"caption\":\"Robisa\"},\"image\":{\"@id\":\"https:\\\/\\\/www.robisa.es\\\/pt\\\/#\\\/schema\\\/logo\\\/image\\\/\"},\"sameAs\":[\"http:\\\/\\\/www.facebook.com\\\/pages\\\/ROBISA\\\/236622023060912\",\"https:\\\/\\\/x.com\\\/ROBISA\",\"https:\\\/\\\/www.instagram.com\\\/robisa.es\\\/\",\"https:\\\/\\\/www.linkedin.com\\\/company\\\/rodolfo-biber-s-a-robisa-\",\"http:\\\/\\\/www.youtube.com\\\/user\\\/robisavideos\"]}]}<\/script>\n<!-- \/ Yoast SEO plugin. -->","yoast_head_json":{"title":"COBRA UNION - ROBISA","robots":{"index":"index","follow":"follow","max-snippet":"max-snippet:-1","max-image-preview":"max-image-preview:large","max-video-preview":"max-video-preview:-1"},"canonical":"https:\/\/www.robisa.es\/pt\/cobra-union\/","og_locale":"pt_PT","og_type":"article","og_title":"COBRA UNION - ROBISA","og_description":"&nbsp;","og_url":"https:\/\/www.robisa.es\/pt\/cobra-union\/","og_site_name":"ROBISA","article_publisher":"http:\/\/www.facebook.com\/pages\/ROBISA\/236622023060912","article_modified_time":"2025-07-01T07:27:30+00:00","twitter_card":"summary_large_image","twitter_site":"@ROBISA","twitter_misc":{"Est. reading time":"9 minutes"},"schema":{"@context":"https:\/\/schema.org","@graph":[{"@type":"WebPage","@id":"https:\/\/www.robisa.es\/pt\/cobra-union\/","url":"https:\/\/www.robisa.es\/pt\/cobra-union\/","name":"COBRA UNION - ROBISA","isPartOf":{"@id":"https:\/\/www.robisa.es\/pt\/#website"},"datePublished":"2023-08-25T07:00:30+00:00","dateModified":"2025-07-01T07:27:30+00:00","breadcrumb":{"@id":"https:\/\/www.robisa.es\/pt\/cobra-union\/#breadcrumb"},"inLanguage":"pt","potentialAction":[{"@type":"ReadAction","target":["https:\/\/www.robisa.es\/pt\/cobra-union\/"]}]},{"@type":"BreadcrumbList","@id":"https:\/\/www.robisa.es\/pt\/cobra-union\/#breadcrumb","itemListElement":[{"@type":"ListItem","position":1,"name":"Portada","item":"https:\/\/www.robisa.es\/pt\/home\/"},{"@type":"ListItem","position":2,"name":"COBRA UNION"}]},{"@type":"WebSite","@id":"https:\/\/www.robisa.es\/pt\/#website","url":"https:\/\/www.robisa.es\/pt\/","name":"ROBISA","description":"Los mejores productos de fotograf\u00eda para profesionales y particulares con total garant\u00eda","publisher":{"@id":"https:\/\/www.robisa.es\/pt\/#organization"},"potentialAction":[{"@type":"SearchAction","target":{"@type":"EntryPoint","urlTemplate":"https:\/\/www.robisa.es\/pt\/?s={search_term_string}"},"query-input":{"@type":"PropertyValueSpecification","valueRequired":true,"valueName":"search_term_string"}}],"inLanguage":"pt"},{"@type":"Organization","@id":"https:\/\/www.robisa.es\/pt\/#organization","name":"Robisa","url":"https:\/\/www.robisa.es\/pt\/","logo":{"@type":"ImageObject","inLanguage":"pt","@id":"https:\/\/www.robisa.es\/pt\/#\/schema\/logo\/image\/","url":"https:\/\/www.robisa.es\/wp-content\/uploads\/2016\/01\/robisa-rgb_negro-NEW-02.png","contentUrl":"https:\/\/www.robisa.es\/wp-content\/uploads\/2016\/01\/robisa-rgb_negro-NEW-02.png","width":675,"height":298,"caption":"Robisa"},"image":{"@id":"https:\/\/www.robisa.es\/pt\/#\/schema\/logo\/image\/"},"sameAs":["http:\/\/www.facebook.com\/pages\/ROBISA\/236622023060912","https:\/\/x.com\/ROBISA","https:\/\/www.instagram.com\/robisa.es\/","https:\/\/www.linkedin.com\/company\/rodolfo-biber-s-a-robisa-","http:\/\/www.youtube.com\/user\/robisavideos"]}]}},"_links":{"self":[{"href":"https:\/\/www.robisa.es\/pt\/wp-json\/wp\/v2\/pages\/64873","targetHints":{"allow":["GET"]}}],"collection":[{"href":"https:\/\/www.robisa.es\/pt\/wp-json\/wp\/v2\/pages"}],"about":[{"href":"https:\/\/www.robisa.es\/pt\/wp-json\/wp\/v2\/types\/page"}],"author":[{"embeddable":true,"href":"https:\/\/www.robisa.es\/pt\/wp-json\/wp\/v2\/users\/123571"}],"replies":[{"embeddable":true,"href":"https:\/\/www.robisa.es\/pt\/wp-json\/wp\/v2\/comments?post=64873"}],"version-history":[{"count":24,"href":"https:\/\/www.robisa.es\/pt\/wp-json\/wp\/v2\/pages\/64873\/revisions"}],"predecessor-version":[{"id":84891,"href":"https:\/\/www.robisa.es\/pt\/wp-json\/wp\/v2\/pages\/64873\/revisions\/84891"}],"wp:attachment":[{"href":"https:\/\/www.robisa.es\/pt\/wp-json\/wp\/v2\/media?parent=64873"}],"curies":[{"name":"wp","href":"https:\/\/api.w.org\/{rel}","templated":true}]}}