{"id":66238,"date":"2023-10-18T16:41:17","date_gmt":"2023-10-18T14:41:17","guid":{"rendered":"https:\/\/www.robisa.es\/?page_id=66238"},"modified":"2023-10-18T16:41:17","modified_gmt":"2023-10-18T14:41:17","slug":"notas-de-imprensa-santafilm","status":"publish","type":"page","link":"https:\/\/www.robisa.es\/pt\/notas-de-imprensa\/notas-de-imprensa-santafilm\/","title":{"rendered":"Notas de Imprensa SantaFilm"},"content":{"rendered":"<\/div><\/div><\/div><!-- close content main div --><\/div><\/div><div id='av_section_1' class='avia-section main_color avia-section-small avia-no-border-styling avia-bg-style-scroll   container_wrap fullsize' style = 'background-color: #687580; '  ><div class='container' ><div class='template-page content  av-content-full alpha units'><div class='post-entry post-entry-type-page post-entry-66238'><div class='entry-content-wrapper clearfix'>\n<section class=\"av_textblock_section \" ><div class='avia_textblock  '  ><h3 style=\"text-align: left;\"><\/h3>\n<h3 style=\"text-align: left;\"><span style=\"color: #ffffff;\"><a style=\"color: #ffffff;\" href=\"https:\/\/www.robisa.es\/pt\/notas-de-imprensa\/\"><span style=\"font-family: Montserrat, sans-serif; font-size: 10pt;\">\u2190\u00a0V O L V E R<\/span><\/a><\/span><\/h3>\n<\/div><\/section>\n\n<div class='flex_column_table av-equal-height-column-flextable -flextable' ><div class=\"flex_column av_one_third  av-animated-generic left-to-right  flex_column_table_cell av-equal-height-column av-align-middle av-zero-column-padding first  \" style='border-radius:0px; '><div  data-size='2048x2048'  data-lightbox_size='large'  data-animation='slide'  data-ids='66087'  data-video_counter='0'  data-autoplay='false'  data-bg_slider='false'  data-slide_height=''  data-handle='av_slideshow'  data-interval='5'  data-class=' '  data-css_id=''  data-scroll_down=''  data-control_layout='av-control-default'  data-custom_markup=''  data-perma_caption=''  data-autoplay_stopper=''  data-image_attachment=''  data-min_height='0px'  data-default-height='100'  class='avia-slideshow avia-slideshow-1  av-control-default av-default-height-applied avia-slideshow-2048x2048 av_slideshow   avia-slide-slider ' ><ul class='avia-slideshow-inner' style='padding-bottom: 91.056034482759%;'><li  class=' av-single-slide slide-1 ' ><div data-rel='slideshow-1' class='avia-slide-wrap'  ><img src='https:\/\/www.robisa.es\/wp-content\/uploads\/2023\/10\/SANTA-LOG-OFNDO-BLANCO-1.jpg' width='928' height='845' title='SANTA LOG OFNDO BLANCO' alt=''   \/><\/div><\/li><\/ul><\/div><\/div><\/div><!--close column table wrapper. Autoclose: 1 --><div class='flex_column_table av-equal-height-column-flextable -flextable' ><div class='av-flex-placeholder'><\/div><div class=\"flex_column av_two_third  av-animated-generic right-to-left  flex_column_table_cell av-equal-height-column av-align-middle av-zero-column-padding   \" style='border-radius:0px; '><section class=\"av_textblock_section \" ><div class='avia_textblock  '  ><h3 style=\"text-align: justify;\"><span style=\"font-family: Montserrat, sans-serif;\"><span style=\"font-size: 18.6667px;\">NOTAS DE IMPRENSA<\/span><\/span><\/h3>\n<p style=\"text-align: justify;\"><span style=\"font-family: Montserrat, sans-serif;\"><span style=\"font-size: 18.6667px;\">Conhe\u00e7a todas as novidades e novos produtos da produtora de bobinas fotogr\u00e1ficas, SantaFilm.<\/span><\/span><\/p>\n<\/div><\/section><\/div><\/div><!--close column table wrapper. Autoclose: 1 --><div id='av-magazine-1' class='av-magazine    av-magazine-hero-top ' ><div class='av-magazine-group sort_all'><div class='av-magazine-hero first '><article class='hentry av-magazine-entry av-magazine-entry-id-66226 av-magazine-format-standard av-magazine-type-post av-magazine-entry-1 av-magazine-entry-big ' ><div class='av-magazine-thumbnail'><a href='https:\/\/www.robisa.es\/pt\/nova-marca-santafilm\/' title='Link to: NOVA MARCA SANTAFILM' class='av-magazine-thumbnail-link '><img loading=\"lazy\" decoding=\"async\" width=\"710\" height=\"375\" src=\"https:\/\/www.robisa.es\/wp-content\/uploads\/2023\/10\/RRSS_PT-710x375.jpg\" class=\"attachment-magazine size-magazine wp-post-image\" alt=\"\" \/><\/a><\/div><div class='av-magazine-content-wrap'><header class='entry-content-header'><time class='av-magazine-time updated' >18 October, 2023<\/time><span class='av-magazine-text-sep text-sep-date'>\/<\/span><span class=\"av-magazine-author minor-meta\">by <span class=\"av-magazine-author-link\" ><span class='av-magazine-author meta-color vcard author'><span class='fn'><a href=https:\/\/www.robisa.es\/pt\/author\/julio\/ title=\"by ROBISA\" rel=\"author\">ROBISA<\/a><\/span><\/span><\/span><\/span><h3 class='av-magazine-title entry-title' ><a href='https:\/\/www.robisa.es\/pt\/nova-marca-santafilm\/' title='Link to: NOVA MARCA SANTAFILM'>NOVA MARCA SANTAFILM<\/a><\/h3><\/header><div class='av-magazine-content entry-content' >\r\n\r\n\r\n\r\n\r\n\r\n\r\n\r\n\r\n\r\n\r\n\r\n\r\n\r\n\r\n\r\n\r\n\r\n\r\n\r\n\r\n\r\n\r\n\r\n\r\n\r\n\r\n\r\n\r\n\r\n<\/div><\/div><footer class='entry-footer'><\/footer><\/article><\/div><\/div><\/div><\/p>\n","protected":false},"excerpt":{"rendered":"<p>Notas de Prensa AgfaPhoto.<br \/>\nConoce todas las novedades, noticias y nuevos productos de la marca de fotograf\u00eda AgfaPhoto.<br \/>\nAgfa se dedica a la producci\u00f3n de c\u00e1maras anal\u00f3gicas, desechables y carretes fotogr\u00e1ficos.<\/p>\n","protected":false},"author":8,"featured_media":66095,"parent":7420,"menu_order":0,"comment_status":"closed","ping_status":"closed","template":"","meta":{"footnotes":""},"class_list":["post-66238","page","type-page","status-publish","has-post-thumbnail","hentry"],"yoast_head":"<!-- This site is optimized with the Yoast SEO plugin v27.5 - https:\/\/yoast.com\/product\/yoast-seo-wordpress\/ -->\n<title>Notas de Imprensa SantaFilm - ROBISA<\/title>\n<meta name=\"description\" content=\"Conhe\u00e7a todas as novidades e novos produtos da produtora de bobinas fotogr\u00e1ficas, SantaFilm.\" \/>\n<meta name=\"robots\" content=\"index, follow, max-snippet:-1, max-image-preview:large, max-video-preview:-1\" \/>\n<link rel=\"canonical\" href=\"https:\/\/www.robisa.es\/pt\/notas-de-imprensa\/notas-de-imprensa-santafilm\/\" \/>\n<meta property=\"og:locale\" content=\"pt_PT\" \/>\n<meta property=\"og:type\" content=\"article\" \/>\n<meta property=\"og:title\" content=\"Notas de Imprensa SantaFilm - ROBISA\" \/>\n<meta property=\"og:description\" content=\"Conhe\u00e7a todas as novidades e novos produtos da produtora de bobinas fotogr\u00e1ficas, SantaFilm.\" \/>\n<meta property=\"og:url\" content=\"https:\/\/www.robisa.es\/pt\/notas-de-imprensa\/notas-de-imprensa-santafilm\/\" \/>\n<meta property=\"og:site_name\" content=\"ROBISA\" \/>\n<meta property=\"article:publisher\" content=\"http:\/\/www.facebook.com\/pages\/ROBISA\/236622023060912\" \/>\n<meta property=\"og:image\" content=\"https:\/\/www.robisa.es\/wp-content\/uploads\/2023\/10\/SANTA-LOG-OFNDO-BLANCO-1.webp\" \/>\n\t<meta property=\"og:image:width\" content=\"928\" \/>\n\t<meta property=\"og:image:height\" content=\"845\" \/>\n\t<meta property=\"og:image:type\" content=\"image\/webp\" \/>\n<meta name=\"twitter:card\" content=\"summary_large_image\" \/>\n<meta name=\"twitter:site\" content=\"@ROBISA\" \/>\n<meta name=\"twitter:label1\" content=\"Est. reading time\" \/>\n\t<meta name=\"twitter:data1\" content=\"1 minute\" \/>\n<script type=\"application\/ld+json\" class=\"yoast-schema-graph\">{\"@context\":\"https:\\\/\\\/schema.org\",\"@graph\":[{\"@type\":\"WebPage\",\"@id\":\"https:\\\/\\\/www.robisa.es\\\/pt\\\/notas-de-imprensa\\\/notas-de-imprensa-santafilm\\\/\",\"url\":\"https:\\\/\\\/www.robisa.es\\\/pt\\\/notas-de-imprensa\\\/notas-de-imprensa-santafilm\\\/\",\"name\":\"Notas de Imprensa SantaFilm - ROBISA\",\"isPartOf\":{\"@id\":\"https:\\\/\\\/www.robisa.es\\\/pt\\\/#website\"},\"primaryImageOfPage\":{\"@id\":\"https:\\\/\\\/www.robisa.es\\\/pt\\\/notas-de-imprensa\\\/notas-de-imprensa-santafilm\\\/#primaryimage\"},\"image\":{\"@id\":\"https:\\\/\\\/www.robisa.es\\\/pt\\\/notas-de-imprensa\\\/notas-de-imprensa-santafilm\\\/#primaryimage\"},\"thumbnailUrl\":\"https:\\\/\\\/www.robisa.es\\\/wp-content\\\/uploads\\\/2023\\\/10\\\/SANTA-LOG-OFNDO-BLANCO-1.webp\",\"datePublished\":\"2023-10-18T14:41:17+00:00\",\"description\":\"Conhe\u00e7a todas as novidades e novos produtos da produtora de bobinas fotogr\u00e1ficas, SantaFilm.\",\"breadcrumb\":{\"@id\":\"https:\\\/\\\/www.robisa.es\\\/pt\\\/notas-de-imprensa\\\/notas-de-imprensa-santafilm\\\/#breadcrumb\"},\"inLanguage\":\"pt\",\"potentialAction\":[{\"@type\":\"ReadAction\",\"target\":[\"https:\\\/\\\/www.robisa.es\\\/pt\\\/notas-de-imprensa\\\/notas-de-imprensa-santafilm\\\/\"]}]},{\"@type\":\"ImageObject\",\"inLanguage\":\"pt\",\"@id\":\"https:\\\/\\\/www.robisa.es\\\/pt\\\/notas-de-imprensa\\\/notas-de-imprensa-santafilm\\\/#primaryimage\",\"url\":\"https:\\\/\\\/www.robisa.es\\\/wp-content\\\/uploads\\\/2023\\\/10\\\/SANTA-LOG-OFNDO-BLANCO-1.webp\",\"contentUrl\":\"https:\\\/\\\/www.robisa.es\\\/wp-content\\\/uploads\\\/2023\\\/10\\\/SANTA-LOG-OFNDO-BLANCO-1.webp\",\"width\":928,\"height\":845},{\"@type\":\"BreadcrumbList\",\"@id\":\"https:\\\/\\\/www.robisa.es\\\/pt\\\/notas-de-imprensa\\\/notas-de-imprensa-santafilm\\\/#breadcrumb\",\"itemListElement\":[{\"@type\":\"ListItem\",\"position\":1,\"name\":\"Portada\",\"item\":\"https:\\\/\\\/www.robisa.es\\\/pt\\\/home\\\/\"},{\"@type\":\"ListItem\",\"position\":2,\"name\":\"NOTAS DE IMPRENSA\",\"item\":\"https:\\\/\\\/www.robisa.es\\\/pt\\\/notas-de-imprensa\\\/\"},{\"@type\":\"ListItem\",\"position\":3,\"name\":\"Notas de Imprensa SantaFilm\"}]},{\"@type\":\"WebSite\",\"@id\":\"https:\\\/\\\/www.robisa.es\\\/pt\\\/#website\",\"url\":\"https:\\\/\\\/www.robisa.es\\\/pt\\\/\",\"name\":\"ROBISA\",\"description\":\"Los mejores productos de fotograf\u00eda para profesionales y particulares con total garant\u00eda\",\"publisher\":{\"@id\":\"https:\\\/\\\/www.robisa.es\\\/pt\\\/#organization\"},\"potentialAction\":[{\"@type\":\"SearchAction\",\"target\":{\"@type\":\"EntryPoint\",\"urlTemplate\":\"https:\\\/\\\/www.robisa.es\\\/pt\\\/?s={search_term_string}\"},\"query-input\":{\"@type\":\"PropertyValueSpecification\",\"valueRequired\":true,\"valueName\":\"search_term_string\"}}],\"inLanguage\":\"pt\"},{\"@type\":\"Organization\",\"@id\":\"https:\\\/\\\/www.robisa.es\\\/pt\\\/#organization\",\"name\":\"Robisa\",\"url\":\"https:\\\/\\\/www.robisa.es\\\/pt\\\/\",\"logo\":{\"@type\":\"ImageObject\",\"inLanguage\":\"pt\",\"@id\":\"https:\\\/\\\/www.robisa.es\\\/pt\\\/#\\\/schema\\\/logo\\\/image\\\/\",\"url\":\"https:\\\/\\\/www.robisa.es\\\/wp-content\\\/uploads\\\/2016\\\/01\\\/robisa-rgb_negro-NEW-02.png\",\"contentUrl\":\"https:\\\/\\\/www.robisa.es\\\/wp-content\\\/uploads\\\/2016\\\/01\\\/robisa-rgb_negro-NEW-02.png\",\"width\":675,\"height\":298,\"caption\":\"Robisa\"},\"image\":{\"@id\":\"https:\\\/\\\/www.robisa.es\\\/pt\\\/#\\\/schema\\\/logo\\\/image\\\/\"},\"sameAs\":[\"http:\\\/\\\/www.facebook.com\\\/pages\\\/ROBISA\\\/236622023060912\",\"https:\\\/\\\/x.com\\\/ROBISA\",\"https:\\\/\\\/www.instagram.com\\\/robisa.es\\\/\",\"https:\\\/\\\/www.linkedin.com\\\/company\\\/rodolfo-biber-s-a-robisa-\",\"http:\\\/\\\/www.youtube.com\\\/user\\\/robisavideos\"]}]}<\/script>\n<!-- \/ Yoast SEO plugin. -->","yoast_head_json":{"title":"Notas de Imprensa SantaFilm - ROBISA","description":"Conhe\u00e7a todas as novidades e novos produtos da produtora de bobinas fotogr\u00e1ficas, SantaFilm.","robots":{"index":"index","follow":"follow","max-snippet":"max-snippet:-1","max-image-preview":"max-image-preview:large","max-video-preview":"max-video-preview:-1"},"canonical":"https:\/\/www.robisa.es\/pt\/notas-de-imprensa\/notas-de-imprensa-santafilm\/","og_locale":"pt_PT","og_type":"article","og_title":"Notas de Imprensa SantaFilm - ROBISA","og_description":"Conhe\u00e7a todas as novidades e novos produtos da produtora de bobinas fotogr\u00e1ficas, SantaFilm.","og_url":"https:\/\/www.robisa.es\/pt\/notas-de-imprensa\/notas-de-imprensa-santafilm\/","og_site_name":"ROBISA","article_publisher":"http:\/\/www.facebook.com\/pages\/ROBISA\/236622023060912","og_image":[{"width":928,"height":845,"url":"https:\/\/www.robisa.es\/wp-content\/uploads\/2023\/10\/SANTA-LOG-OFNDO-BLANCO-1.webp","type":"image\/webp"}],"twitter_card":"summary_large_image","twitter_site":"@ROBISA","twitter_misc":{"Est. reading time":"1 minute"},"schema":{"@context":"https:\/\/schema.org","@graph":[{"@type":"WebPage","@id":"https:\/\/www.robisa.es\/pt\/notas-de-imprensa\/notas-de-imprensa-santafilm\/","url":"https:\/\/www.robisa.es\/pt\/notas-de-imprensa\/notas-de-imprensa-santafilm\/","name":"Notas de Imprensa SantaFilm - ROBISA","isPartOf":{"@id":"https:\/\/www.robisa.es\/pt\/#website"},"primaryImageOfPage":{"@id":"https:\/\/www.robisa.es\/pt\/notas-de-imprensa\/notas-de-imprensa-santafilm\/#primaryimage"},"image":{"@id":"https:\/\/www.robisa.es\/pt\/notas-de-imprensa\/notas-de-imprensa-santafilm\/#primaryimage"},"thumbnailUrl":"https:\/\/www.robisa.es\/wp-content\/uploads\/2023\/10\/SANTA-LOG-OFNDO-BLANCO-1.webp","datePublished":"2023-10-18T14:41:17+00:00","description":"Conhe\u00e7a todas as novidades e novos produtos da produtora de bobinas fotogr\u00e1ficas, SantaFilm.","breadcrumb":{"@id":"https:\/\/www.robisa.es\/pt\/notas-de-imprensa\/notas-de-imprensa-santafilm\/#breadcrumb"},"inLanguage":"pt","potentialAction":[{"@type":"ReadAction","target":["https:\/\/www.robisa.es\/pt\/notas-de-imprensa\/notas-de-imprensa-santafilm\/"]}]},{"@type":"ImageObject","inLanguage":"pt","@id":"https:\/\/www.robisa.es\/pt\/notas-de-imprensa\/notas-de-imprensa-santafilm\/#primaryimage","url":"https:\/\/www.robisa.es\/wp-content\/uploads\/2023\/10\/SANTA-LOG-OFNDO-BLANCO-1.webp","contentUrl":"https:\/\/www.robisa.es\/wp-content\/uploads\/2023\/10\/SANTA-LOG-OFNDO-BLANCO-1.webp","width":928,"height":845},{"@type":"BreadcrumbList","@id":"https:\/\/www.robisa.es\/pt\/notas-de-imprensa\/notas-de-imprensa-santafilm\/#breadcrumb","itemListElement":[{"@type":"ListItem","position":1,"name":"Portada","item":"https:\/\/www.robisa.es\/pt\/home\/"},{"@type":"ListItem","position":2,"name":"NOTAS DE IMPRENSA","item":"https:\/\/www.robisa.es\/pt\/notas-de-imprensa\/"},{"@type":"ListItem","position":3,"name":"Notas de Imprensa SantaFilm"}]},{"@type":"WebSite","@id":"https:\/\/www.robisa.es\/pt\/#website","url":"https:\/\/www.robisa.es\/pt\/","name":"ROBISA","description":"Los mejores productos de fotograf\u00eda para profesionales y particulares con total garant\u00eda","publisher":{"@id":"https:\/\/www.robisa.es\/pt\/#organization"},"potentialAction":[{"@type":"SearchAction","target":{"@type":"EntryPoint","urlTemplate":"https:\/\/www.robisa.es\/pt\/?s={search_term_string}"},"query-input":{"@type":"PropertyValueSpecification","valueRequired":true,"valueName":"search_term_string"}}],"inLanguage":"pt"},{"@type":"Organization","@id":"https:\/\/www.robisa.es\/pt\/#organization","name":"Robisa","url":"https:\/\/www.robisa.es\/pt\/","logo":{"@type":"ImageObject","inLanguage":"pt","@id":"https:\/\/www.robisa.es\/pt\/#\/schema\/logo\/image\/","url":"https:\/\/www.robisa.es\/wp-content\/uploads\/2016\/01\/robisa-rgb_negro-NEW-02.png","contentUrl":"https:\/\/www.robisa.es\/wp-content\/uploads\/2016\/01\/robisa-rgb_negro-NEW-02.png","width":675,"height":298,"caption":"Robisa"},"image":{"@id":"https:\/\/www.robisa.es\/pt\/#\/schema\/logo\/image\/"},"sameAs":["http:\/\/www.facebook.com\/pages\/ROBISA\/236622023060912","https:\/\/x.com\/ROBISA","https:\/\/www.instagram.com\/robisa.es\/","https:\/\/www.linkedin.com\/company\/rodolfo-biber-s-a-robisa-","http:\/\/www.youtube.com\/user\/robisavideos"]}]}},"_links":{"self":[{"href":"https:\/\/www.robisa.es\/pt\/wp-json\/wp\/v2\/pages\/66238","targetHints":{"allow":["GET"]}}],"collection":[{"href":"https:\/\/www.robisa.es\/pt\/wp-json\/wp\/v2\/pages"}],"about":[{"href":"https:\/\/www.robisa.es\/pt\/wp-json\/wp\/v2\/types\/page"}],"author":[{"embeddable":true,"href":"https:\/\/www.robisa.es\/pt\/wp-json\/wp\/v2\/users\/8"}],"replies":[{"embeddable":true,"href":"https:\/\/www.robisa.es\/pt\/wp-json\/wp\/v2\/comments?post=66238"}],"version-history":[{"count":2,"href":"https:\/\/www.robisa.es\/pt\/wp-json\/wp\/v2\/pages\/66238\/revisions"}],"predecessor-version":[{"id":66241,"href":"https:\/\/www.robisa.es\/pt\/wp-json\/wp\/v2\/pages\/66238\/revisions\/66241"}],"up":[{"embeddable":true,"href":"https:\/\/www.robisa.es\/pt\/wp-json\/wp\/v2\/pages\/7420"}],"wp:featuredmedia":[{"embeddable":true,"href":"https:\/\/www.robisa.es\/pt\/wp-json\/wp\/v2\/media\/66095"}],"wp:attachment":[{"href":"https:\/\/www.robisa.es\/pt\/wp-json\/wp\/v2\/media?parent=66238"}],"curies":[{"name":"wp","href":"https:\/\/api.w.org\/{rel}","templated":true}]}}