{"id":69379,"date":"2024-02-08T14:04:36","date_gmt":"2024-02-08T13:04:36","guid":{"rendered":"https:\/\/www.robisa.es\/?page_id=69379"},"modified":"2024-02-08T15:14:24","modified_gmt":"2024-02-08T14:14:24","slug":"hp-instant","status":"publish","type":"page","link":"https:\/\/www.robisa.es\/pt\/hp-instant\/","title":{"rendered":"HP INSTANT"},"content":{"rendered":"<\/div><\/div><\/div><!-- close content main div --><\/div><\/div><div id='full_slider_1' class='avia-fullwidth-slider main_color avia-shadow   container_wrap fullsize'   ><div  data-size='no scaling'  data-lightbox_size='large'  data-animation='slide'  data-ids='66624'  data-video_counter='0'  data-autoplay='false'  data-bg_slider='false'  data-slide_height=''  data-handle='av_slideshow_full'  data-interval='5'  data-class=' '  data-css_id=''  data-scroll_down=''  data-control_layout='av-control-default'  data-custom_markup=''  data-perma_caption=''  data-autoplay_stopper=''  data-image_attachment=''  data-min_height='0px'  data-src=''  data-position='top left'  data-repeat='no-repeat'  data-attach='scroll'  data-stretch=''  class='avia-slideshow avia-slideshow-1  av-control-default avia-slideshow-no scaling av_slideshow_full   avia-slide-slider ' ><ul class='avia-slideshow-inner' ><\/ul><\/div><\/div>\n<section class=\"av_textblock_section \" ><div class='avia_textblock  '  ><p>A HP Inc. (conhecida como HP), \u00e9 uma empresa americana com sede em Palo Alto, Calif\u00f3rnia. \u00c9 o maior vendedor mundial de impressoras e o segundo maior vendedor mundial de computadores pessoais e port\u00e1teis.<\/p>\n<\/div><\/section>\n<div style='height:50px' class='hr hr-invisible  '><span class='hr-inner ' ><span class='hr-inner-style'><\/span><\/span><\/div>\n<\/div><\/div><\/div><!-- close content main div --><\/div><\/div><div id='av_section_1' class='avia-section main_color avia-section-default avia-no-shadow avia-bg-style-scroll   container_wrap fullsize' style = 'background-color: #0096d6; '  ><div class='container' ><div class='template-page content  av-content-full alpha units'><div class='post-entry post-entry-type-page post-entry-69379'><div class='entry-content-wrapper clearfix'>\n<section class=\"av_textblock_section \" ><div class='avia_textblock  av_inherit_color '  style='color:#ffffff; ' ><p style=\"text-align: center;\"><span style=\"font-size: 18pt;\"><strong>IMPRESORAS DE BOLSILLO<\/strong><\/span><\/p>\n<\/div><\/section>\n\n<div style='height:50px' class='hr hr-invisible  '><span class='hr-inner ' ><span class='hr-inner-style'><\/span><\/span><\/div>\n<div class=\"flex_column av_one_third  flex_column_div av-zero-column-padding first  \" style='border-radius:0px; '><p><div class='avia-image-container  av-styling-    avia-align-center '  ><div class='avia-image-container-inner'><img class='avia_image ' src='https:\/\/www.robisa.es\/wp-content\/uploads\/2023\/11\/HPISPW-Printer-Hero-Image-1500x1500-1-495x400.png' alt='' title=''   \/><\/div><\/div><br \/>\n<section class=\"av_textblock_section \" ><div class='avia_textblock  '  ><p style=\"text-align: center;\"><a href=\"https:\/\/www.robisa.es\/shop\/hp-instant\/2208-hp-sprocket-0192545379274.html\">HP Sprocket 2&#215;3 &#8211; White<\/a><\/p>\n<\/div><\/section><\/p><\/div>\n<div class=\"flex_column av_one_third  flex_column_div av-zero-column-padding   \" style='border-radius:0px; '><p><div class='avia-image-container  av-styling-    avia-align-center '  ><div class='avia-image-container-inner'><img class='avia_image ' src='https:\/\/www.robisa.es\/wp-content\/uploads\/2023\/11\/HPISPP-Printer-Hero-Image-1500x1500-1-495x400.png' alt='' title=''   \/><\/div><\/div><br \/>\n<section class=\"av_textblock_section \" ><div class='avia_textblock  '  ><p style=\"text-align: center;\"><a href=\"https:\/\/www.robisa.es\/shop\/hp-instant\/2209-hp-sprocket-0192545566650.html\">HP Sprocket 2&#215;3 &#8211; Pink<\/a><\/p>\n<\/div><\/section><\/p><\/div>\n<div class=\"flex_column av_one_third  flex_column_div av-zero-column-padding   \" style='border-radius:0px; '><p><div class='avia-image-container  av-styling-    avia-align-center '  ><div class='avia-image-container-inner'><img class='avia_image ' src='https:\/\/www.robisa.es\/wp-content\/uploads\/2023\/11\/HPISPPR-Printer-Hero-Image-1500x1500-1-495x400.png' alt='' title=''   \/><\/div><\/div><br \/>\n<section class=\"av_textblock_section \" ><div class='avia_textblock  '  ><p style=\"text-align: center;\"><a href=\"https:\/\/www.robisa.es\/shop\/hp-instant\/2210-hp-sprocket-0193015286917.html\">HP Sprocket 2&#215;3 &#8211; Purple<\/a><\/p>\n<\/div><\/section><\/p><\/div>\n<div class=\"flex_column av_one_third  flex_column_div av-zero-column-padding first  \" style='border-radius:0px; '><p><div class='avia-image-container  av-styling-    avia-align-center '  ><div class='avia-image-container-inner'><img class='avia_image ' src='https:\/\/www.robisa.es\/wp-content\/uploads\/2023\/11\/HPISPB-Printer-Hero-Image-1500x1500-1-495x400.png' alt='' title=''   \/><\/div><\/div><br \/>\n<section class=\"av_textblock_section \" ><div class='avia_textblock  '  ><p style=\"text-align: center;\"><a href=\"https:\/\/www.robisa.es\/shop\/hp-instant\/2210-hp-sprocket-0193015286917.html\">HP Sprocket 2&#215;3 &#8211; Black<\/a><\/p>\n<\/div><\/section><\/p><\/div>\n<div class=\"flex_column av_one_third  flex_column_div av-zero-column-padding   \" style='border-radius:0px; '><p><div class='avia-image-container  av-styling-    avia-align-center '  ><div class='avia-image-container-inner'><img class='avia_image ' src='https:\/\/www.robisa.es\/wp-content\/uploads\/2023\/11\/HERO_HP_3x4-copy-495x400.jpg' alt='' title=''   \/><\/div><\/div><br \/>\n<section class=\"av_textblock_section \" ><div class='avia_textblock  '  ><p style=\"text-align: center;\"><a href=\"https:\/\/www.robisa.es\/shop\/inicio\/2212-hp-sprocket-impresora-portatil-3x4--0843812158688.html\">HP Sprocket 3&#215;4\u00a0 Photo Printer &#8211; White<\/a><\/p>\n<\/div><\/section><\/p><\/div>\n<div style='height:50px' class='hr hr-invisible  '><span class='hr-inner ' ><span class='hr-inner-style'><\/span><\/span><\/div>\n<\/div><\/div><\/div><!-- close content main div --><\/div><\/div><div id='av_section_2' class='avia-section main_color avia-section-default avia-no-shadow avia-bg-style-scroll   container_wrap fullsize' style = 'background-color: #0096d6; '  ><div class='container' ><div class='template-page content  av-content-full alpha units'><div class='post-entry post-entry-type-page post-entry-69379'><div class='entry-content-wrapper clearfix'>\n<section class=\"av_textblock_section \" ><div class='avia_textblock  av_inherit_color '  style='color:#ffffff; ' ><p style=\"text-align: center;\"><span style=\"font-size: 18pt;\"><strong>PAPEL ZINK<\/strong><\/span><\/p>\n<\/div><\/section>\n\n<div style='height:50px' class='hr hr-invisible  '><span class='hr-inner ' ><span class='hr-inner-style'><\/span><\/span><\/div>\n<div class=\"flex_column av_one_fourth  flex_column_div av-zero-column-padding first  \" style='border-radius:0px; '><p><div class='avia-image-container  av-styling-    avia-align-center '  ><div class='avia-image-container-inner'><img class='avia_image ' src='https:\/\/www.robisa.es\/wp-content\/uploads\/2023\/11\/HP_2x3_-20-pack-495x400.jpg' alt='' title=''   \/><\/div><\/div><br \/>\n<section class=\"av_textblock_section \" ><div class='avia_textblock  '  ><p style=\"text-align: center;\"><a href=\"https:\/\/www.robisa.es\/shop\/inicio\/2213-hp-papel-zink-pack-de-20--0190781042235.html\">HP Papel Zink 2&#215;3 &#8211; Pack de 20<\/a><\/p>\n<\/div><\/section><\/p><\/div>\n<div class=\"flex_column av_one_fourth  flex_column_div av-zero-column-padding   \" style='border-radius:0px; '><p><div class='avia-image-container  av-styling-    avia-align-center '  ><div class='avia-image-container-inner'><img class='avia_image ' src='https:\/\/www.robisa.es\/wp-content\/uploads\/2023\/11\/HP_2x3_-50-pack-495x400.jpg' alt='' title=''   \/><\/div><\/div><br \/>\n<section class=\"av_textblock_section \" ><div class='avia_textblock  '  ><p style=\"text-align: center;\"><a href=\"https:\/\/www.robisa.es\/shop\/inicio\/2214-hp-papel-zink-pack-de-20--0190781150527.html\">HP Papel Zink 2&#215;3 &#8211; Pack de 50<\/a><\/p>\n<\/div><\/section><\/p><\/div>\n<div class=\"flex_column av_one_fourth  flex_column_div av-zero-column-padding   \" style='border-radius:0px; '><p><div class='avia-image-container  av-styling-    avia-align-center '  ><div class='avia-image-container-inner'><img class='avia_image ' src='https:\/\/www.robisa.es\/wp-content\/uploads\/2023\/11\/HP_2x3_-100-pack-495x400.jpg' alt='' title=''   \/><\/div><\/div><br \/>\n<section class=\"av_textblock_section \" ><div class='avia_textblock  '  ><p style=\"text-align: center;\"><a href=\"https:\/\/www.robisa.es\/shop\/inicio\/2215-hp-papel-zink-pack-de-20--0190781150534.html\">HP Papel Zink 2&#215;3 &#8211; Pack de 100<\/a><\/p>\n<\/div><\/section><\/p><\/div>\n<div class=\"flex_column av_one_fourth  flex_column_div av-zero-column-padding   \" style='border-radius:0px; '><p><div class='avia-image-container  av-styling-    avia-align-center '  ><div class='avia-image-container-inner'><img class='avia_image ' src='https:\/\/www.robisa.es\/wp-content\/uploads\/2023\/11\/Captura-de-pantalla-2023-11-03-124400-495x400.jpg' alt='' title='Captura de pantalla 2023-11-03 124400'   \/><\/div><\/div><br \/>\n<section class=\"av_textblock_section \" ><div class='avia_textblock  '  ><p style=\"text-align: center;\"><a href=\"https:\/\/www.robisa.es\/shop\/inicio\/2216-hp-papel-zink-pack-de-20--0843812164511.html\">HP Papel Zink Pre-cortado 2&#215;3 &#8211; Pack de 30<\/a><\/p>\n<\/div><\/section><\/p><\/div>\n<div class=\"flex_column av_one_fourth  flex_column_div av-zero-column-padding first  \" style='border-radius:0px; '><\/div>\n<div class=\"flex_column av_one_fourth  flex_column_div av-zero-column-padding   \" style='border-radius:0px; '><p><div class='avia-image-container  av-styling-    avia-align-center '  ><div class='avia-image-container-inner'><img class='avia_image ' src='https:\/\/www.robisa.es\/wp-content\/uploads\/2023\/11\/B09KMH5W1C-495x400.jpg' alt='' title='B09KMH5W1C'   \/><\/div><\/div><br \/>\n<section class=\"av_textblock_section \" ><div class='avia_textblock  '  ><p style=\"text-align: center;\"><a href=\"https:\/\/www.robisa.es\/shop\/inicio\/2217-hp-papel-zink-pack-de-20--0843812162258.html\">HP Zink 3.50 x 4.25 &#8211; Pack de 20<\/a><\/p>\n<\/div><\/section><\/p><\/div>\n<div class=\"flex_column av_one_fourth  flex_column_div av-zero-column-padding   \" style='border-radius:0px; '><p><div class='avia-image-container  av-styling-    avia-align-center '  ><div class='avia-image-container-inner'><img class='avia_image ' src='https:\/\/www.robisa.es\/wp-content\/uploads\/2023\/11\/B09KMHJFRC-495x400.jpg' alt='' title='B09KMHJFRC'   \/><\/div><\/div><br \/>\n<section class=\"av_textblock_section \" ><div class='avia_textblock  '  ><p style=\"text-align: center;\"><a href=\"https:\/\/www.robisa.es\/shop\/inicio\/2218-hp-papel-zink-pack-de-20--0843812162265.html\">HP Zink 3.50 x 4.25 &#8211; Pack de 50<\/a><\/p>\n<\/div><\/section><\/p><\/div>\n<div class=\"flex_column av_one_fourth  flex_column_div av-zero-column-padding   \" style='border-radius:0px; '><\/div>\n<div style='height:50px' class='hr hr-invisible  '><span class='hr-inner ' ><span class='hr-inner-style'><\/span><\/span><\/div>\n<\/div><\/div><\/div><!-- close content main div --><\/div><\/div><div id='av_section_3' class='avia-section main_color avia-section-default avia-no-shadow avia-bg-style-scroll   container_wrap fullsize' style = 'background-color: #0096d6; '  ><div class='container' ><div class='template-page content  av-content-full alpha units'><div class='post-entry post-entry-type-page post-entry-69379'><div class='entry-content-wrapper clearfix'>\n<div  data-size='no scaling'  data-lightbox_size='large'  data-animation='slide'  data-ids='66655,66649,66659,66653,66738,66742,66740'  data-video_counter='0'  data-autoplay='false'  data-bg_slider='false'  data-slide_height=''  data-handle='av_slideshow'  data-interval='5'  data-class=' '  data-css_id=''  data-scroll_down=''  data-control_layout='av-control-default'  data-custom_markup=''  data-perma_caption=''  data-autoplay_stopper=''  data-image_attachment=''  data-min_height='0px'  class='avia-slideshow avia-slideshow-2  av-control-default av-default-height-applied avia-slideshow-no scaling av_slideshow   avia-slide-slider ' ><ul class='avia-slideshow-inner' style='padding-bottom: 100%;'><li  class=' slide-1 ' ><div data-rel='slideshow-2' class='avia-slide-wrap'  ><img src='https:\/\/www.robisa.es\/wp-content\/uploads\/2023\/11\/Cuddle-day.jpg' width='3000' height='3000' title='Cuddle day' alt=''   \/><\/div><\/li><li  class=' slide-2 ' ><div data-rel='slideshow-2' class='avia-slide-wrap'  ><img src='https:\/\/www.robisa.es\/wp-content\/uploads\/2023\/11\/20180718_01_Home_A_13239.jpg' width='6720' height='4480' title='20180718_01_Home_A_13239' alt=''   \/><\/div><\/li><li  class=' slide-3 ' ><div data-rel='slideshow-2' class='avia-slide-wrap'  ><img src='https:\/\/www.robisa.es\/wp-content\/uploads\/2023\/11\/55936_PPSCOM-PRT_Sprocket-Noir-Update-v1-HiRes-FY19Q2_KV_Other_EN-US-1.jpg' width='1600' height='1067' title='55936_PPSCOM-PRT_Sprocket-Noir-Update-v1-HiRes-FY19Q2_KV_Other_EN-US (1)' alt=''   \/><\/div><\/li><li  class=' slide-4 ' ><div data-rel='slideshow-2' class='avia-slide-wrap'  ><img src='https:\/\/www.robisa.es\/wp-content\/uploads\/2023\/11\/20180718_02_Drummer_A_13720.jpg' width='6720' height='4480' title='20180718_02_Drummer_A_13720' alt=''   \/><\/div><\/li><li  class=' slide-5 ' ><div data-rel='slideshow-2' class='avia-slide-wrap'  ><img src='https:\/\/www.robisa.es\/wp-content\/uploads\/2023\/11\/20180718_04_Mural_A_15254-1.jpg' width='6720' height='4480' title='20180718_04_Mural_A_15254 (1)' alt=''   \/><\/div><\/li><li  class=' slide-6 ' ><div data-rel='slideshow-2' class='avia-slide-wrap'  ><img src='https:\/\/www.robisa.es\/wp-content\/uploads\/2023\/11\/20180718_05_Hike_A_I4A1924-2.jpg' width='3360' height='2240' title='20180718_05_Hike_A_I4A1924-2' alt=''   \/><\/div><\/li><li  class=' slide-7 ' ><div data-rel='slideshow-2' class='avia-slide-wrap'  ><img src='https:\/\/www.robisa.es\/wp-content\/uploads\/2023\/11\/20180718_05_Hike_A_0001.jpg' width='5310' height='3541' title='20180718_05_Hike_A_0001' alt=''   \/><\/div><\/li><\/ul><div class='avia-slideshow-arrows avia-slideshow-controls'><a href='#prev' class='prev-slide' aria-hidden='true' data-av_icon='\ue87c' data-av_iconfont='entypo-fontello'>Previous<\/a><a href='#next' class='next-slide' aria-hidden='true' data-av_icon='\ue87d' data-av_iconfont='entypo-fontello'>Next<\/a><\/div><div class='avia-slideshow-dots avia-slideshow-controls'><a href='#1' class='goto-slide active' >1<\/a><a href='#2' class='goto-slide ' >2<\/a><a href='#3' class='goto-slide ' >3<\/a><a href='#4' class='goto-slide ' >4<\/a><a href='#5' class='goto-slide ' >5<\/a><a href='#6' class='goto-slide ' >6<\/a><a href='#7' class='goto-slide ' >7<\/a><\/div><\/div>\n\n<\/div><\/div><\/div><!-- close content main div --><\/div><\/div><div id='footer-robisa' class='avia-section socket_color avia-section-large avia-no-border-styling avia-bg-style-scroll   container_wrap fullsize' style = 'background-color: #dddddd; '  ><div class='container' ><div class='template-page content  av-content-full alpha units'><div class='post-entry post-entry-type-page post-entry-69379'><div class='entry-content-wrapper clearfix'>\n<section class=\"av_textblock_section \" ><div class='avia_textblock  '  ><h3 style=\"text-align: left;\"><\/h3>\n<h3 style=\"text-align: center;\"><span style=\"color: #ffffff; font-size: 12pt;\"><span style=\"font-family: Montserrat, sans-serif;\">C O N T A C T O<\/span><\/span><\/h3>\n<\/div><\/section>\n<div style='height:20px' class='hr hr-invisible  '><span class='hr-inner ' ><span class='hr-inner-style'><\/span><\/span><\/div>\n<section class=\"av_textblock_section \" ><div class='avia_textblock  av_inherit_color '  style='color:#ffffff; ' >\n<div class=\"wpcf7 no-js\" id=\"wpcf7-f31022-o1\" lang=\"es-ES\" dir=\"ltr\" data-wpcf7-id=\"31022\">\n<div class=\"screen-reader-response\"><p role=\"status\" aria-live=\"polite\" aria-atomic=\"true\"><\/p> <ul><\/ul><\/div>\n<form action=\"\/pt\/wp-json\/wp\/v2\/pages\/69379#wpcf7-f31022-o1\" method=\"post\" class=\"wpcf7-form init\" aria-label=\"Contact form\" novalidate=\"novalidate\" data-status=\"init\">\n<fieldset class=\"hidden-fields-container\"><input type=\"hidden\" name=\"_wpcf7\" value=\"31022\" \/><input type=\"hidden\" name=\"_wpcf7_version\" value=\"6.1.5\" \/><input type=\"hidden\" name=\"_wpcf7_locale\" value=\"es_ES\" \/><input type=\"hidden\" name=\"_wpcf7_unit_tag\" value=\"wpcf7-f31022-o1\" \/><input type=\"hidden\" name=\"_wpcf7_container_post\" value=\"0\" \/><input type=\"hidden\" name=\"_wpcf7_posted_data_hash\" value=\"\" \/><input type=\"hidden\" name=\"_wpcf7_recaptcha_response\" value=\"\" \/>\n<\/fieldset>\n<p>Correo electr\u00f3nico (requerido)\n<\/p>\n<p><span class=\"wpcf7-form-control-wrap\" data-name=\"your-email\"><input size=\"40\" maxlength=\"400\" class=\"wpcf7-form-control wpcf7-email wpcf7-validates-as-required wpcf7-text wpcf7-validates-as-email\" aria-required=\"true\" aria-invalid=\"false\" value=\"\" type=\"email\" name=\"your-email\" \/><\/span>\n<\/p>\n<p><br \/>\n<span class=\"wpcf7-form-control-wrap\" data-name=\"textarea-973\"><textarea cols=\"40\" rows=\"10\" maxlength=\"2000\" class=\"wpcf7-form-control wpcf7-textarea wpcf7-validates-as-required\" aria-required=\"true\" aria-invalid=\"false\" name=\"textarea-973\"><\/textarea><\/span>\n<\/p>\n<p><span class=\"wpcf7-form-control-wrap\" data-name=\"acceptance-188\"><span class=\"wpcf7-form-control wpcf7-acceptance\"><span class=\"wpcf7-list-item\"><input type=\"checkbox\" name=\"acceptance-188\" value=\"1\" aria-invalid=\"false\" \/><\/span><\/span><\/span> Acepto el <a title=\"Aviso legal\" href=\"http:\/\/robisa.es\/aviso-legal\/\" target=\"_blank\" rel=\"noopener noreferrer\">Aviso legal<\/a> y la <a title=\"Pol\u00edtica de Privacidad\" href=\"http:\/\/robisa.es\/politica-de-privacidad\/\" target=\"_blank\" rel=\"noopener noreferrer\">Pol\u00edtica de Privacidad.<\/a>\n<\/p>\n<p><input class=\"wpcf7-form-control wpcf7-submit has-spinner avia_iconbox_title\" type=\"submit\" value=\"enviar\" \/>\n<\/p><p style=\"display: none !important;\" class=\"akismet-fields-container\" data-prefix=\"_wpcf7_ak_\"><label>&#916;<textarea name=\"_wpcf7_ak_hp_textarea\" cols=\"45\" rows=\"8\" maxlength=\"100\"><\/textarea><\/label><input type=\"hidden\" id=\"ak_js_1\" name=\"_wpcf7_ak_js\" value=\"135\"\/><script>document.getElementById( \"ak_js_1\" ).setAttribute( \"value\", ( new Date() ).getTime() );<\/script><\/p><div class=\"wpcf7-response-output\" aria-hidden=\"true\"><\/div>\n<\/form>\n<\/div>\n\n<\/div><\/section>\n\n","protected":false},"excerpt":{"rendered":"","protected":false},"author":123571,"featured_media":0,"parent":0,"menu_order":0,"comment_status":"closed","ping_status":"closed","template":"","meta":{"footnotes":""},"class_list":["post-69379","page","type-page","status-publish","hentry"],"yoast_head":"<!-- This site is optimized with the Yoast SEO plugin v27.4 - https:\/\/yoast.com\/product\/yoast-seo-wordpress\/ -->\n<title>HP INSTANT - ROBISA<\/title>\n<meta name=\"robots\" content=\"index, follow, max-snippet:-1, max-image-preview:large, max-video-preview:-1\" \/>\n<link rel=\"canonical\" href=\"https:\/\/www.robisa.es\/pt\/hp-instant\/\" \/>\n<meta property=\"og:locale\" content=\"pt_PT\" \/>\n<meta property=\"og:type\" content=\"article\" \/>\n<meta property=\"og:title\" content=\"HP INSTANT - ROBISA\" \/>\n<meta property=\"og:url\" content=\"https:\/\/www.robisa.es\/pt\/hp-instant\/\" \/>\n<meta property=\"og:site_name\" content=\"ROBISA\" \/>\n<meta property=\"article:publisher\" content=\"http:\/\/www.facebook.com\/pages\/ROBISA\/236622023060912\" \/>\n<meta property=\"article:modified_time\" content=\"2024-02-08T14:14:24+00:00\" \/>\n<meta name=\"twitter:card\" content=\"summary_large_image\" \/>\n<meta name=\"twitter:site\" content=\"@ROBISA\" \/>\n<meta name=\"twitter:label1\" content=\"Est. reading time\" \/>\n\t<meta name=\"twitter:data1\" content=\"14 minutes\" \/>\n<script type=\"application\/ld+json\" class=\"yoast-schema-graph\">{\"@context\":\"https:\\\/\\\/schema.org\",\"@graph\":[{\"@type\":\"WebPage\",\"@id\":\"https:\\\/\\\/www.robisa.es\\\/pt\\\/hp-instant\\\/\",\"url\":\"https:\\\/\\\/www.robisa.es\\\/pt\\\/hp-instant\\\/\",\"name\":\"HP INSTANT - ROBISA\",\"isPartOf\":{\"@id\":\"https:\\\/\\\/www.robisa.es\\\/pt\\\/#website\"},\"datePublished\":\"2024-02-08T13:04:36+00:00\",\"dateModified\":\"2024-02-08T14:14:24+00:00\",\"breadcrumb\":{\"@id\":\"https:\\\/\\\/www.robisa.es\\\/pt\\\/hp-instant\\\/#breadcrumb\"},\"inLanguage\":\"pt\",\"potentialAction\":[{\"@type\":\"ReadAction\",\"target\":[\"https:\\\/\\\/www.robisa.es\\\/pt\\\/hp-instant\\\/\"]}]},{\"@type\":\"BreadcrumbList\",\"@id\":\"https:\\\/\\\/www.robisa.es\\\/pt\\\/hp-instant\\\/#breadcrumb\",\"itemListElement\":[{\"@type\":\"ListItem\",\"position\":1,\"name\":\"Portada\",\"item\":\"https:\\\/\\\/www.robisa.es\\\/pt\\\/home\\\/\"},{\"@type\":\"ListItem\",\"position\":2,\"name\":\"HP INSTANT\"}]},{\"@type\":\"WebSite\",\"@id\":\"https:\\\/\\\/www.robisa.es\\\/pt\\\/#website\",\"url\":\"https:\\\/\\\/www.robisa.es\\\/pt\\\/\",\"name\":\"ROBISA\",\"description\":\"Los mejores productos de fotograf\u00eda para profesionales y particulares con total garant\u00eda\",\"publisher\":{\"@id\":\"https:\\\/\\\/www.robisa.es\\\/pt\\\/#organization\"},\"potentialAction\":[{\"@type\":\"SearchAction\",\"target\":{\"@type\":\"EntryPoint\",\"urlTemplate\":\"https:\\\/\\\/www.robisa.es\\\/pt\\\/?s={search_term_string}\"},\"query-input\":{\"@type\":\"PropertyValueSpecification\",\"valueRequired\":true,\"valueName\":\"search_term_string\"}}],\"inLanguage\":\"pt\"},{\"@type\":\"Organization\",\"@id\":\"https:\\\/\\\/www.robisa.es\\\/pt\\\/#organization\",\"name\":\"Robisa\",\"url\":\"https:\\\/\\\/www.robisa.es\\\/pt\\\/\",\"logo\":{\"@type\":\"ImageObject\",\"inLanguage\":\"pt\",\"@id\":\"https:\\\/\\\/www.robisa.es\\\/pt\\\/#\\\/schema\\\/logo\\\/image\\\/\",\"url\":\"https:\\\/\\\/www.robisa.es\\\/wp-content\\\/uploads\\\/2016\\\/01\\\/robisa-rgb_negro-NEW-02.png\",\"contentUrl\":\"https:\\\/\\\/www.robisa.es\\\/wp-content\\\/uploads\\\/2016\\\/01\\\/robisa-rgb_negro-NEW-02.png\",\"width\":675,\"height\":298,\"caption\":\"Robisa\"},\"image\":{\"@id\":\"https:\\\/\\\/www.robisa.es\\\/pt\\\/#\\\/schema\\\/logo\\\/image\\\/\"},\"sameAs\":[\"http:\\\/\\\/www.facebook.com\\\/pages\\\/ROBISA\\\/236622023060912\",\"https:\\\/\\\/x.com\\\/ROBISA\",\"https:\\\/\\\/www.instagram.com\\\/robisa.es\\\/\",\"https:\\\/\\\/www.linkedin.com\\\/company\\\/rodolfo-biber-s-a-robisa-\",\"http:\\\/\\\/www.youtube.com\\\/user\\\/robisavideos\"]}]}<\/script>\n<!-- \/ Yoast SEO plugin. -->","yoast_head_json":{"title":"HP INSTANT - ROBISA","robots":{"index":"index","follow":"follow","max-snippet":"max-snippet:-1","max-image-preview":"max-image-preview:large","max-video-preview":"max-video-preview:-1"},"canonical":"https:\/\/www.robisa.es\/pt\/hp-instant\/","og_locale":"pt_PT","og_type":"article","og_title":"HP INSTANT - ROBISA","og_url":"https:\/\/www.robisa.es\/pt\/hp-instant\/","og_site_name":"ROBISA","article_publisher":"http:\/\/www.facebook.com\/pages\/ROBISA\/236622023060912","article_modified_time":"2024-02-08T14:14:24+00:00","twitter_card":"summary_large_image","twitter_site":"@ROBISA","twitter_misc":{"Est. reading time":"14 minutes"},"schema":{"@context":"https:\/\/schema.org","@graph":[{"@type":"WebPage","@id":"https:\/\/www.robisa.es\/pt\/hp-instant\/","url":"https:\/\/www.robisa.es\/pt\/hp-instant\/","name":"HP INSTANT - ROBISA","isPartOf":{"@id":"https:\/\/www.robisa.es\/pt\/#website"},"datePublished":"2024-02-08T13:04:36+00:00","dateModified":"2024-02-08T14:14:24+00:00","breadcrumb":{"@id":"https:\/\/www.robisa.es\/pt\/hp-instant\/#breadcrumb"},"inLanguage":"pt","potentialAction":[{"@type":"ReadAction","target":["https:\/\/www.robisa.es\/pt\/hp-instant\/"]}]},{"@type":"BreadcrumbList","@id":"https:\/\/www.robisa.es\/pt\/hp-instant\/#breadcrumb","itemListElement":[{"@type":"ListItem","position":1,"name":"Portada","item":"https:\/\/www.robisa.es\/pt\/home\/"},{"@type":"ListItem","position":2,"name":"HP INSTANT"}]},{"@type":"WebSite","@id":"https:\/\/www.robisa.es\/pt\/#website","url":"https:\/\/www.robisa.es\/pt\/","name":"ROBISA","description":"Los mejores productos de fotograf\u00eda para profesionales y particulares con total garant\u00eda","publisher":{"@id":"https:\/\/www.robisa.es\/pt\/#organization"},"potentialAction":[{"@type":"SearchAction","target":{"@type":"EntryPoint","urlTemplate":"https:\/\/www.robisa.es\/pt\/?s={search_term_string}"},"query-input":{"@type":"PropertyValueSpecification","valueRequired":true,"valueName":"search_term_string"}}],"inLanguage":"pt"},{"@type":"Organization","@id":"https:\/\/www.robisa.es\/pt\/#organization","name":"Robisa","url":"https:\/\/www.robisa.es\/pt\/","logo":{"@type":"ImageObject","inLanguage":"pt","@id":"https:\/\/www.robisa.es\/pt\/#\/schema\/logo\/image\/","url":"https:\/\/www.robisa.es\/wp-content\/uploads\/2016\/01\/robisa-rgb_negro-NEW-02.png","contentUrl":"https:\/\/www.robisa.es\/wp-content\/uploads\/2016\/01\/robisa-rgb_negro-NEW-02.png","width":675,"height":298,"caption":"Robisa"},"image":{"@id":"https:\/\/www.robisa.es\/pt\/#\/schema\/logo\/image\/"},"sameAs":["http:\/\/www.facebook.com\/pages\/ROBISA\/236622023060912","https:\/\/x.com\/ROBISA","https:\/\/www.instagram.com\/robisa.es\/","https:\/\/www.linkedin.com\/company\/rodolfo-biber-s-a-robisa-","http:\/\/www.youtube.com\/user\/robisavideos"]}]}},"_links":{"self":[{"href":"https:\/\/www.robisa.es\/pt\/wp-json\/wp\/v2\/pages\/69379","targetHints":{"allow":["GET"]}}],"collection":[{"href":"https:\/\/www.robisa.es\/pt\/wp-json\/wp\/v2\/pages"}],"about":[{"href":"https:\/\/www.robisa.es\/pt\/wp-json\/wp\/v2\/types\/page"}],"author":[{"embeddable":true,"href":"https:\/\/www.robisa.es\/pt\/wp-json\/wp\/v2\/users\/123571"}],"replies":[{"embeddable":true,"href":"https:\/\/www.robisa.es\/pt\/wp-json\/wp\/v2\/comments?post=69379"}],"version-history":[{"count":3,"href":"https:\/\/www.robisa.es\/pt\/wp-json\/wp\/v2\/pages\/69379\/revisions"}],"predecessor-version":[{"id":69421,"href":"https:\/\/www.robisa.es\/pt\/wp-json\/wp\/v2\/pages\/69379\/revisions\/69421"}],"wp:attachment":[{"href":"https:\/\/www.robisa.es\/pt\/wp-json\/wp\/v2\/media?parent=69379"}],"curies":[{"name":"wp","href":"https:\/\/api.w.org\/{rel}","templated":true}]}}