{"id":7189,"date":"2016-03-18T20:23:33","date_gmt":"2016-03-18T20:23:33","guid":{"rendered":"https:\/\/www.robisa.es\/?page_id=7189\/"},"modified":"2022-10-05T16:17:38","modified_gmt":"2022-10-05T14:17:38","slug":"area-privada","status":"publish","type":"page","link":"https:\/\/www.robisa.es\/pt\/area-privada\/","title":{"rendered":"\u00c1REA PRIVADA"},"content":{"rendered":"You must be logged in to view this content.","protected":false},"excerpt":{"rendered":"You must be logged in to view this content.","protected":false},"author":2,"featured_media":0,"parent":0,"menu_order":0,"comment_status":"closed","ping_status":"closed","template":"","meta":{"footnotes":""},"class_list":["post-7189","page","type-page","status-publish","hentry"],"yoast_head":"<!-- This site is optimized with the Yoast SEO plugin v27.4 - https:\/\/yoast.com\/product\/yoast-seo-wordpress\/ -->\n<title>\u00c1rea privada - Robisa<\/title>\n<meta name=\"description\" content=\"En esta secci\u00f3n tendr\u00e1s acceso a informaci\u00f3n \u00fatil para la venta de nuestros productos y servicios. Cont\u00e1ctenos entre las 8:00 ...\" \/>\n<meta name=\"robots\" content=\"index, follow, max-snippet:-1, max-image-preview:large, max-video-preview:-1\" \/>\n<link rel=\"canonical\" href=\"https:\/\/www.robisa.es\/pt\/area-privada\/\" \/>\n<meta property=\"og:locale\" content=\"pt_PT\" \/>\n<meta property=\"og:type\" content=\"article\" \/>\n<meta property=\"og:title\" content=\"\u00c1rea privada - Robisa\" \/>\n<meta property=\"og:description\" content=\"En esta secci\u00f3n tendr\u00e1s acceso a informaci\u00f3n \u00fatil para la venta de nuestros productos y servicios. Cont\u00e1ctenos entre las 8:00 ...\" \/>\n<meta property=\"og:url\" content=\"https:\/\/www.robisa.es\/pt\/area-privada\/\" \/>\n<meta property=\"og:site_name\" content=\"ROBISA\" \/>\n<meta property=\"article:publisher\" content=\"http:\/\/www.facebook.com\/pages\/ROBISA\/236622023060912\" \/>\n<meta property=\"article:modified_time\" content=\"2022-10-05T14:17:38+00:00\" \/>\n<meta name=\"twitter:card\" content=\"summary_large_image\" \/>\n<meta name=\"twitter:site\" content=\"@ROBISA\" \/>\n<meta name=\"twitter:label1\" content=\"Est. reading time\" \/>\n\t<meta name=\"twitter:data1\" content=\"9 minutes\" \/>\n<script type=\"application\/ld+json\" class=\"yoast-schema-graph\">{\"@context\":\"https:\\\/\\\/schema.org\",\"@graph\":[{\"@type\":\"WebPage\",\"@id\":\"https:\\\/\\\/www.robisa.es\\\/pt\\\/area-privada\\\/\",\"url\":\"https:\\\/\\\/www.robisa.es\\\/pt\\\/area-privada\\\/\",\"name\":\"\u00c1rea privada - Robisa\",\"isPartOf\":{\"@id\":\"https:\\\/\\\/www.robisa.es\\\/pt\\\/#website\"},\"datePublished\":\"2016-03-18T20:23:33+00:00\",\"dateModified\":\"2022-10-05T14:17:38+00:00\",\"description\":\"En esta secci\u00f3n tendr\u00e1s acceso a informaci\u00f3n \u00fatil para la venta de nuestros productos y servicios. Cont\u00e1ctenos entre las 8:00 ...\",\"breadcrumb\":{\"@id\":\"https:\\\/\\\/www.robisa.es\\\/pt\\\/area-privada\\\/#breadcrumb\"},\"inLanguage\":\"pt\",\"potentialAction\":[{\"@type\":\"ReadAction\",\"target\":[\"https:\\\/\\\/www.robisa.es\\\/pt\\\/area-privada\\\/\"]}]},{\"@type\":\"BreadcrumbList\",\"@id\":\"https:\\\/\\\/www.robisa.es\\\/pt\\\/area-privada\\\/#breadcrumb\",\"itemListElement\":[{\"@type\":\"ListItem\",\"position\":1,\"name\":\"Portada\",\"item\":\"https:\\\/\\\/www.robisa.es\\\/pt\\\/home\\\/\"},{\"@type\":\"ListItem\",\"position\":2,\"name\":\"\u00c1REA PRIVADA\"}]},{\"@type\":\"WebSite\",\"@id\":\"https:\\\/\\\/www.robisa.es\\\/pt\\\/#website\",\"url\":\"https:\\\/\\\/www.robisa.es\\\/pt\\\/\",\"name\":\"ROBISA\",\"description\":\"Los mejores productos de fotograf\u00eda para profesionales y particulares con total garant\u00eda\",\"publisher\":{\"@id\":\"https:\\\/\\\/www.robisa.es\\\/pt\\\/#organization\"},\"potentialAction\":[{\"@type\":\"SearchAction\",\"target\":{\"@type\":\"EntryPoint\",\"urlTemplate\":\"https:\\\/\\\/www.robisa.es\\\/pt\\\/?s={search_term_string}\"},\"query-input\":{\"@type\":\"PropertyValueSpecification\",\"valueRequired\":true,\"valueName\":\"search_term_string\"}}],\"inLanguage\":\"pt\"},{\"@type\":\"Organization\",\"@id\":\"https:\\\/\\\/www.robisa.es\\\/pt\\\/#organization\",\"name\":\"Robisa\",\"url\":\"https:\\\/\\\/www.robisa.es\\\/pt\\\/\",\"logo\":{\"@type\":\"ImageObject\",\"inLanguage\":\"pt\",\"@id\":\"https:\\\/\\\/www.robisa.es\\\/pt\\\/#\\\/schema\\\/logo\\\/image\\\/\",\"url\":\"https:\\\/\\\/www.robisa.es\\\/wp-content\\\/uploads\\\/2016\\\/01\\\/robisa-rgb_negro-NEW-02.png\",\"contentUrl\":\"https:\\\/\\\/www.robisa.es\\\/wp-content\\\/uploads\\\/2016\\\/01\\\/robisa-rgb_negro-NEW-02.png\",\"width\":675,\"height\":298,\"caption\":\"Robisa\"},\"image\":{\"@id\":\"https:\\\/\\\/www.robisa.es\\\/pt\\\/#\\\/schema\\\/logo\\\/image\\\/\"},\"sameAs\":[\"http:\\\/\\\/www.facebook.com\\\/pages\\\/ROBISA\\\/236622023060912\",\"https:\\\/\\\/x.com\\\/ROBISA\",\"https:\\\/\\\/www.instagram.com\\\/robisa.es\\\/\",\"https:\\\/\\\/www.linkedin.com\\\/company\\\/rodolfo-biber-s-a-robisa-\",\"http:\\\/\\\/www.youtube.com\\\/user\\\/robisavideos\"]}]}<\/script>\n<!-- \/ Yoast SEO plugin. -->","yoast_head_json":{"title":"\u00c1rea privada - Robisa","description":"En esta secci\u00f3n tendr\u00e1s acceso a informaci\u00f3n \u00fatil para la venta de nuestros productos y servicios. Cont\u00e1ctenos entre las 8:00 ...","robots":{"index":"index","follow":"follow","max-snippet":"max-snippet:-1","max-image-preview":"max-image-preview:large","max-video-preview":"max-video-preview:-1"},"canonical":"https:\/\/www.robisa.es\/pt\/area-privada\/","og_locale":"pt_PT","og_type":"article","og_title":"\u00c1rea privada - Robisa","og_description":"En esta secci\u00f3n tendr\u00e1s acceso a informaci\u00f3n \u00fatil para la venta de nuestros productos y servicios. Cont\u00e1ctenos entre las 8:00 ...","og_url":"https:\/\/www.robisa.es\/pt\/area-privada\/","og_site_name":"ROBISA","article_publisher":"http:\/\/www.facebook.com\/pages\/ROBISA\/236622023060912","article_modified_time":"2022-10-05T14:17:38+00:00","twitter_card":"summary_large_image","twitter_site":"@ROBISA","twitter_misc":{"Est. reading time":"9 minutes"},"schema":{"@context":"https:\/\/schema.org","@graph":[{"@type":"WebPage","@id":"https:\/\/www.robisa.es\/pt\/area-privada\/","url":"https:\/\/www.robisa.es\/pt\/area-privada\/","name":"\u00c1rea privada - Robisa","isPartOf":{"@id":"https:\/\/www.robisa.es\/pt\/#website"},"datePublished":"2016-03-18T20:23:33+00:00","dateModified":"2022-10-05T14:17:38+00:00","description":"En esta secci\u00f3n tendr\u00e1s acceso a informaci\u00f3n \u00fatil para la venta de nuestros productos y servicios. Cont\u00e1ctenos entre las 8:00 ...","breadcrumb":{"@id":"https:\/\/www.robisa.es\/pt\/area-privada\/#breadcrumb"},"inLanguage":"pt","potentialAction":[{"@type":"ReadAction","target":["https:\/\/www.robisa.es\/pt\/area-privada\/"]}]},{"@type":"BreadcrumbList","@id":"https:\/\/www.robisa.es\/pt\/area-privada\/#breadcrumb","itemListElement":[{"@type":"ListItem","position":1,"name":"Portada","item":"https:\/\/www.robisa.es\/pt\/home\/"},{"@type":"ListItem","position":2,"name":"\u00c1REA PRIVADA"}]},{"@type":"WebSite","@id":"https:\/\/www.robisa.es\/pt\/#website","url":"https:\/\/www.robisa.es\/pt\/","name":"ROBISA","description":"Los mejores productos de fotograf\u00eda para profesionales y particulares con total garant\u00eda","publisher":{"@id":"https:\/\/www.robisa.es\/pt\/#organization"},"potentialAction":[{"@type":"SearchAction","target":{"@type":"EntryPoint","urlTemplate":"https:\/\/www.robisa.es\/pt\/?s={search_term_string}"},"query-input":{"@type":"PropertyValueSpecification","valueRequired":true,"valueName":"search_term_string"}}],"inLanguage":"pt"},{"@type":"Organization","@id":"https:\/\/www.robisa.es\/pt\/#organization","name":"Robisa","url":"https:\/\/www.robisa.es\/pt\/","logo":{"@type":"ImageObject","inLanguage":"pt","@id":"https:\/\/www.robisa.es\/pt\/#\/schema\/logo\/image\/","url":"https:\/\/www.robisa.es\/wp-content\/uploads\/2016\/01\/robisa-rgb_negro-NEW-02.png","contentUrl":"https:\/\/www.robisa.es\/wp-content\/uploads\/2016\/01\/robisa-rgb_negro-NEW-02.png","width":675,"height":298,"caption":"Robisa"},"image":{"@id":"https:\/\/www.robisa.es\/pt\/#\/schema\/logo\/image\/"},"sameAs":["http:\/\/www.facebook.com\/pages\/ROBISA\/236622023060912","https:\/\/x.com\/ROBISA","https:\/\/www.instagram.com\/robisa.es\/","https:\/\/www.linkedin.com\/company\/rodolfo-biber-s-a-robisa-","http:\/\/www.youtube.com\/user\/robisavideos"]}]}},"_links":{"self":[{"href":"https:\/\/www.robisa.es\/pt\/wp-json\/wp\/v2\/pages\/7189","targetHints":{"allow":["GET"]}}],"collection":[{"href":"https:\/\/www.robisa.es\/pt\/wp-json\/wp\/v2\/pages"}],"about":[{"href":"https:\/\/www.robisa.es\/pt\/wp-json\/wp\/v2\/types\/page"}],"author":[{"embeddable":true,"href":"https:\/\/www.robisa.es\/pt\/wp-json\/wp\/v2\/users\/2"}],"replies":[{"embeddable":true,"href":"https:\/\/www.robisa.es\/pt\/wp-json\/wp\/v2\/comments?post=7189"}],"version-history":[{"count":7,"href":"https:\/\/www.robisa.es\/pt\/wp-json\/wp\/v2\/pages\/7189\/revisions"}],"predecessor-version":[{"id":22537,"href":"https:\/\/www.robisa.es\/pt\/wp-json\/wp\/v2\/pages\/7189\/revisions\/22537"}],"wp:attachment":[{"href":"https:\/\/www.robisa.es\/pt\/wp-json\/wp\/v2\/media?parent=7189"}],"curies":[{"name":"wp","href":"https:\/\/api.w.org\/{rel}","templated":true}]}}