{"id":7417,"date":"2016-07-30T10:17:32","date_gmt":"2016-07-30T09:17:32","guid":{"rendered":"https:\/\/www.robisa.es\/?page_id=7417\/"},"modified":"2024-04-03T13:32:41","modified_gmt":"2024-04-03T11:32:41","slug":"newsletters-samyang","status":"publish","type":"page","link":"https:\/\/www.robisa.es\/pt\/newsletters-samyang\/","title":{"rendered":"NEWSLETTERS SAMYANG"},"content":{"rendered":"<div class=\"flex_column av_two_third  flex_column_div av-zero-column-padding first  \" style='border-radius:0px; '><div style='padding-bottom:10px;font-size:35px;' class='av-special-heading av-special-heading-h3  blockquote modern-quote  av-thin-font av-inherit-size '><h3 class='av-special-heading-tag '  ><strong>NEWSLETTERS SAMYANG<\/strong><\/h3><div class='special-heading-border'><div class='special-heading-inner-border' ><\/div><\/div><\/div><\/div>\n<div class=\"flex_column av_one_third  flex_column_div av-zero-column-padding   \" style='border-radius:0px; '><div class='avia-button-wrap avia-button-center '><a href='https:\/\/www.robisa.es\/?page_id=4516' class='avia-button   avia-icon_select-yes-left-icon avia-color-dark avia-size-large avia-position-center '   ><span class='avia_button_icon avia_button_icon_left ' aria-hidden='true' data-av_icon='\ue831' data-av_iconfont='entypo-fontello'><\/span><span class='avia_iconbox_title' >VOLVER A NEWSLETTERS<\/span><\/a><\/div><\/div>\n<div class=\"flex_column av_one_full  flex_column_div av-zero-column-padding first  \" style='border-radius:0px; '><div class='avia-image-container  av-styling-    avia-align-center '  ><div class='avia-image-container-inner'><img class='avia_image ' src='https:\/\/www.robisa.es\/wp-content\/uploads\/2024\/04\/SAMYANG-CIBlack_Profile.png' alt='' title='SAMYANG CI(Black)_Profile'   \/><\/div><\/div><\/div><div class=\"flex_column av_one_full  av-animated-generic bottom-to-top  flex_column_div av-zero-column-padding first  \" style='border-radius:0px; '><div id='av-magazine-1' class='av-magazine    ' ><div class='av-magazine-group sort_all'><article class='hentry av-magazine-entry av-magazine-entry-id-63495 av-magazine-format-standard av-magazine-type-post av-magazine-entry-1 av-magazine-entry-small av-magazine-no-thumb' ><div class='av-magazine-content-wrap'><header class='entry-content-header'><time class='av-magazine-time updated' >29 May, 2023<\/time><span class='av-magazine-text-sep text-sep-date'>\/<\/span><span class=\"av-magazine-author minor-meta\">by <span class=\"av-magazine-author-link\" ><span class='av-magazine-author meta-color vcard author'><span class='fn'><a href=https:\/\/www.robisa.es\/pt\/author\/julio\/ title=\"by ROBISA\" rel=\"author\">ROBISA<\/a><\/span><\/span><\/span><\/span><h3 class='av-magazine-title entry-title' ><a href='https:\/\/www.robisa.es\/pt\/samyang-anuncia-expansao-objetivas-v-af\/' title='Link to: Samyang anuncia a expans\u00e3o da sua linha de objetivas para v\u00eddeo V-AF'>Samyang anuncia a expans\u00e3o da sua linha de objetivas para v\u00eddeo V-AF<\/a><\/h3><\/header><\/div><footer class='entry-footer'><\/footer><\/article><article class='hentry av-magazine-entry av-magazine-entry-id-58933 av-magazine-format-standard av-magazine-type-post av-magazine-entry-2 av-magazine-entry-small av-magazine-no-thumb' ><div class='av-magazine-content-wrap'><header class='entry-content-header'><time class='av-magazine-time updated' >4 November, 2022<\/time><span class='av-magazine-text-sep text-sep-date'>\/<\/span><span class=\"av-magazine-author minor-meta\">by <span class=\"av-magazine-author-link\" ><span class='av-magazine-author meta-color vcard author'><span class='fn'><a href=https:\/\/www.robisa.es\/pt\/author\/julio\/ title=\"by ROBISA\" rel=\"author\">ROBISA<\/a><\/span><\/span><\/span><\/span><h3 class='av-magazine-title entry-title' ><a href='https:\/\/www.robisa.es\/pt\/pr-samyang-af-24_af-35\/' title='Link to: Samyang V-AF 24mm T1.9 &#038; V-AF 35 mm T1.9 (Sony)'>Samyang V-AF 24mm T1.9 &#038; V-AF 35 mm T1.9 (Sony)<\/a><\/h3><\/header><\/div><footer class='entry-footer'><\/footer><\/article><article class='hentry av-magazine-entry av-magazine-entry-id-16525 av-magazine-format-standard av-magazine-type-post av-magazine-entry-3 av-magazine-entry-small av-magazine-no-thumb' ><div class='av-magazine-content-wrap'><header class='entry-content-header'><time class='av-magazine-time updated' >8 May, 2018<\/time><span class='av-magazine-text-sep text-sep-date'>\/<\/span><span class=\"av-magazine-author minor-meta\">by <span class=\"av-magazine-author-link\" ><span class='av-magazine-author meta-color vcard author'><span class='fn'><a href=https:\/\/www.robisa.es\/pt\/author\/julio\/ title=\"by ROBISA\" rel=\"author\">ROBISA<\/a><\/span><\/span><\/span><\/span><h3 class='av-magazine-title entry-title' ><a href='https:\/\/www.robisa.es\/pt\/samyang-af-35mm-f2-8-fe-conquista-tipa-award-2018\/' title='Link to: Samyang AF 35mm F2.8 FE conquista  TIPA AWARD 2018'>Samyang AF 35mm F2.8 FE conquista  TIPA AWARD 2018<\/a><\/h3><\/header><\/div><footer class='entry-footer'><\/footer><\/article><\/div><\/div><\/div><\/p>\n<div style='height:50px' class='hr hr-invisible  '><span class='hr-inner ' ><span class='hr-inner-style'><\/span><\/span><\/div>\n<div style='height:50px' class='hr hr-invisible  '><span class='hr-inner ' ><span class='hr-inner-style'><\/span><\/span><\/div>\n<div class=\"flex_column av_one_full  av-animated-generic bottom-to-top  flex_column_div av-zero-column-padding first  \" style='border-radius:0px; '><div class='av-social-sharing-box  '><div class='av-share-box'><h5 class='av-share-link-description'>Comparte esta p\u00e1gina<\/h5><ul class='av-share-box-list noLightbox'><li class='av-share-link av-social-link-facebook' ><a target='_blank' href='http:\/\/www.facebook.com\/sharer.php?u=https:\/\/www.robisa.es\/pt\/newsletters-samyang\/&amp;t=NEWSLETTERS%20SAMYANG' aria-hidden='true' data-av_icon='\ue8f3' data-av_iconfont='entypo-fontello' title='' data-avia-related-tooltip='Share on Facebook'><span class='avia_hidden_link_text'>Share on Facebook<\/span><\/a><\/li><li class='av-share-link av-social-link-twitter' ><a target='_blank' href='https:\/\/twitter.com\/share?text=NEWSLETTERS%20SAMYANG&url=https:\/\/www.robisa.es\/pt\/?p=7417' aria-hidden='true' data-av_icon='\ue8f1' data-av_iconfont='entypo-fontello' title='' data-avia-related-tooltip='Share on Twitter'><span class='avia_hidden_link_text'>Share on Twitter<\/span><\/a><\/li><li class='av-share-link av-social-link-gplus' ><a target='_blank' href='https:\/\/plus.google.com\/share?url=https:\/\/www.robisa.es\/pt\/newsletters-samyang\/' aria-hidden='true' data-av_icon='\ue8f6' data-av_iconfont='entypo-fontello' title='' data-avia-related-tooltip='Share on Google+'><span class='avia_hidden_link_text'>Share on Google+<\/span><\/a><\/li><li class='av-share-link av-social-link-linkedin' ><a target='_blank' href='http:\/\/linkedin.com\/shareArticle?mini=true&amp;title=NEWSLETTERS%20SAMYANG&amp;url=https:\/\/www.robisa.es\/pt\/newsletters-samyang\/' aria-hidden='true' data-av_icon='\ue8fc' data-av_iconfont='entypo-fontello' title='' data-avia-related-tooltip='Share on Linkedin'><span class='avia_hidden_link_text'>Share on Linkedin<\/span><\/a><\/li><li class='av-share-link av-social-link-mail' ><a  href='mailto:?subject=NEWSLETTERS%20SAMYANG&amp;body=https:\/\/www.robisa.es\/pt\/newsletters-samyang\/' aria-hidden='true' data-av_icon='\ue805' data-av_iconfont='entypo-fontello' title='' data-avia-related-tooltip='Share by Mail'><span class='avia_hidden_link_text'>Share by Mail<\/span><\/a><\/li><\/ul><\/div><\/div><\/div>\n<div style='height:50px' class='hr hr-invisible  '><span class='hr-inner ' ><span class='hr-inner-style'><\/span><\/span><\/div>\n<div class='avia-builder-widget-area clearfix '><div id=\"text-5\" class=\"widget clearfix widget_text\">\t\t\t<div class=\"textwidget\"><div id=\"av-layout-grid-1\" class=\"av-layout-grid-container entry-content-wrapper socket_color2 av-flex-cells  avia-builder-el-24  el_after_av_section  avia-builder-el-last  submenu-not-first container_wrap fullsize\">\r\n<div class=\"flex_cell no_margin av_one_half  avia-builder-el-25  el_before_av_cell_one_half  avia-builder-el-first   \" style=\"vertical-align:top; padding:30px; \"><div class=\"flex_cell_inner\">\r\n<div class=\"flex_column av_one_third  flex_column_div av-zero-column-padding first  avia-builder-el-26  el_before_av_one_third  avia-builder-el-first  \" style=\"border-radius:0px; \"><span class=\"av_font_icon avia_animate_when_visible av-icon-style-border  avia-icon-pos-center  avia_start_animation avia_start_delayed_animation\" style=\"color:#000000; border-color:#000000;\"><a href=\"http:\/\/www.facebook.com\/pages\/ROBISA\/236622023060912\" target=\"_blank\" class=\"av-icon-char\" style=\"font-size:30px;line-height:30px;width:30px;\" aria-hidden=\"true\" data-av_icon=\"\ue8f3\" data-av_iconfont=\"entypo-fontello\"><\/a><span class=\"av_icon_caption av-special-font\">FACEBOOK ROBISA<\/span><\/span><\/div><div class=\"flex_column av_one_third  flex_column_div av-zero-column-padding   avia-builder-el-28  el_after_av_one_third  el_before_av_one_third  \" style=\"border-radius:0px; \"><span class=\"av_font_icon avia_animate_when_visible av-icon-style-border  avia-icon-pos-center  avia_start_animation avia_start_delayed_animation\" style=\"color:#000000; border-color:#000000;\"><a href=\"http:\/\/www.youtube.com\/user\/robisavideos\" target=\"_blank\" class=\"av-icon-char\" style=\"font-size:30px;line-height:30px;width:30px;\" aria-hidden=\"true\" data-av_icon=\"\ue921\" data-av_iconfont=\"entypo-fontello\"><\/a><span class=\"av_icon_caption av-special-font\">YOUTUBE ROBISA<\/span><\/span><\/div><div class=\"flex_column av_one_third  flex_column_div av-zero-column-padding   avia-builder-el-30  el_after_av_one_third  avia-builder-el-last  \" style=\"border-radius:0px; \"><span class=\"av_font_icon avia_animate_when_visible av-icon-style-border  avia-icon-pos-center  avia_start_animation avia_start_delayed_animation\" style=\"color:#000000; border-color:#000000;\"><a href=\"https:\/\/twitter.com\/ROBISA\" target=\"_blank\" class=\"av-icon-char\" style=\"font-size:30px;line-height:30px;width:30px;\" aria-hidden=\"true\" data-av_icon=\"\ue8f1\" data-av_iconfont=\"entypo-fontello\"><\/a><span class=\"av_icon_caption av-special-font\">TWITTER ROBISA<\/span><\/span><\/div><\/div><\/div><div class=\"flex_cell no_margin av_one_half  avia-builder-el-32  el_after_av_cell_one_half  avia-builder-el-last   \" style=\"vertical-align:top; padding:30px; \"><div class=\"flex_cell_inner\">\r\n<div class=\"flex_column av_one_third  flex_column_div av-zero-column-padding first  avia-builder-el-33  el_before_av_one_third  avia-builder-el-first  \" style=\"border-radius:0px; \"><span class=\"av_font_icon avia_animate_when_visible av-icon-style-border  avia-icon-pos-center  avia_start_animation avia_start_delayed_animation\" style=\"color:#000000; border-color:#000000;\"><a  href=\"https:\/\/www.instagram.com\/robisa.es\/\" target=\"_blank\" class=\"av-icon-char\" style=\"font-size:30px;line-height:30px;width:30px;\" aria-hidden=\"true\" data-av_icon=\"\ue909\" data-av_iconfont=\"entypo-fontello\"><\/a><span class=\"av_icon_caption av-special-font\">INSTAGRAM ROBISA<\/span><\/span><\/div><div class=\"flex_column av_one_third  flex_column_div av-zero-column-padding   avia-builder-el-37  el_after_av_one_third  avia-builder-el-last  \" style=\"border-radius:0px; \"><span class=\"av_font_icon avia_animate_when_visible av-icon-style-border  avia-icon-pos-center  avia_start_animation avia_start_delayed_animation\" style=\"color:#000000; border-color:#000000;\"><a href=\"https:\/\/www.linkedin.com\/company\/rodolfo-biber-s-a-robisa-\" target=\"_blank\" class=\"av-icon-char\" style=\"font-size:30px;line-height:30px;width:30px;\" aria-hidden=\"true\" data-av_icon=\"\ue8fc\" data-av_iconfont=\"entypo-fontello\"><\/a><span class=\"av_icon_caption av-special-font\">LINKEDIN ROBISA<\/span><\/span><\/div><\/div><\/div><\/div><\/div>\n\t\t<\/div><\/div>\n<div style='height:50px' class='hr hr-invisible  '><span class='hr-inner ' ><span class='hr-inner-style'><\/span><\/span><\/div>\n","protected":false},"excerpt":{"rendered":"","protected":false},"author":2,"featured_media":0,"parent":0,"menu_order":0,"comment_status":"closed","ping_status":"closed","template":"","meta":{"footnotes":""},"class_list":["post-7417","page","type-page","status-publish","hentry"],"yoast_head":"<!-- This site is optimized with the Yoast SEO plugin v27.4 - https:\/\/yoast.com\/product\/yoast-seo-wordpress\/ -->\n<title>NEWSLETTERS SAMYANG MAGACIN - ROBISA<\/title>\n<meta name=\"description\" content=\"Cat\u00e1logo Magacin NEWSLETTERS \u00b7 SAMYANG\" \/>\n<meta name=\"robots\" content=\"index, follow, max-snippet:-1, max-image-preview:large, max-video-preview:-1\" \/>\n<link rel=\"canonical\" href=\"https:\/\/www.robisa.es\/pt\/newsletters-samyang\/\" \/>\n<meta property=\"og:locale\" content=\"pt_PT\" \/>\n<meta property=\"og:type\" content=\"article\" \/>\n<meta property=\"og:title\" content=\"NEWSLETTERS SAMYANG MAGACIN - ROBISA\" \/>\n<meta property=\"og:description\" content=\"Cat\u00e1logo Magacin NEWSLETTERS \u00b7 SAMYANG\" \/>\n<meta property=\"og:url\" content=\"https:\/\/www.robisa.es\/pt\/newsletters-samyang\/\" \/>\n<meta property=\"og:site_name\" content=\"ROBISA\" \/>\n<meta property=\"article:publisher\" content=\"http:\/\/www.facebook.com\/pages\/ROBISA\/236622023060912\" \/>\n<meta property=\"article:modified_time\" content=\"2024-04-03T11:32:41+00:00\" \/>\n<meta name=\"twitter:card\" content=\"summary_large_image\" \/>\n<meta name=\"twitter:site\" content=\"@ROBISA\" \/>\n<meta name=\"twitter:label1\" content=\"Est. reading time\" \/>\n\t<meta name=\"twitter:data1\" content=\"3 minutes\" \/>\n<script type=\"application\/ld+json\" class=\"yoast-schema-graph\">{\"@context\":\"https:\\\/\\\/schema.org\",\"@graph\":[{\"@type\":\"WebPage\",\"@id\":\"https:\\\/\\\/www.robisa.es\\\/pt\\\/newsletters-samyang\\\/\",\"url\":\"https:\\\/\\\/www.robisa.es\\\/pt\\\/newsletters-samyang\\\/\",\"name\":\"NEWSLETTERS SAMYANG MAGACIN - ROBISA\",\"isPartOf\":{\"@id\":\"https:\\\/\\\/www.robisa.es\\\/pt\\\/#website\"},\"datePublished\":\"2016-07-30T09:17:32+00:00\",\"dateModified\":\"2024-04-03T11:32:41+00:00\",\"description\":\"Cat\u00e1logo Magacin NEWSLETTERS \u00b7 SAMYANG\",\"breadcrumb\":{\"@id\":\"https:\\\/\\\/www.robisa.es\\\/pt\\\/newsletters-samyang\\\/#breadcrumb\"},\"inLanguage\":\"pt\",\"potentialAction\":[{\"@type\":\"ReadAction\",\"target\":[\"https:\\\/\\\/www.robisa.es\\\/pt\\\/newsletters-samyang\\\/\"]}]},{\"@type\":\"BreadcrumbList\",\"@id\":\"https:\\\/\\\/www.robisa.es\\\/pt\\\/newsletters-samyang\\\/#breadcrumb\",\"itemListElement\":[{\"@type\":\"ListItem\",\"position\":1,\"name\":\"Portada\",\"item\":\"https:\\\/\\\/www.robisa.es\\\/pt\\\/home\\\/\"},{\"@type\":\"ListItem\",\"position\":2,\"name\":\"NEWSLETTERS SAMYANG\"}]},{\"@type\":\"WebSite\",\"@id\":\"https:\\\/\\\/www.robisa.es\\\/pt\\\/#website\",\"url\":\"https:\\\/\\\/www.robisa.es\\\/pt\\\/\",\"name\":\"ROBISA\",\"description\":\"Los mejores productos de fotograf\u00eda para profesionales y particulares con total garant\u00eda\",\"publisher\":{\"@id\":\"https:\\\/\\\/www.robisa.es\\\/pt\\\/#organization\"},\"potentialAction\":[{\"@type\":\"SearchAction\",\"target\":{\"@type\":\"EntryPoint\",\"urlTemplate\":\"https:\\\/\\\/www.robisa.es\\\/pt\\\/?s={search_term_string}\"},\"query-input\":{\"@type\":\"PropertyValueSpecification\",\"valueRequired\":true,\"valueName\":\"search_term_string\"}}],\"inLanguage\":\"pt\"},{\"@type\":\"Organization\",\"@id\":\"https:\\\/\\\/www.robisa.es\\\/pt\\\/#organization\",\"name\":\"Robisa\",\"url\":\"https:\\\/\\\/www.robisa.es\\\/pt\\\/\",\"logo\":{\"@type\":\"ImageObject\",\"inLanguage\":\"pt\",\"@id\":\"https:\\\/\\\/www.robisa.es\\\/pt\\\/#\\\/schema\\\/logo\\\/image\\\/\",\"url\":\"https:\\\/\\\/www.robisa.es\\\/wp-content\\\/uploads\\\/2016\\\/01\\\/robisa-rgb_negro-NEW-02.png\",\"contentUrl\":\"https:\\\/\\\/www.robisa.es\\\/wp-content\\\/uploads\\\/2016\\\/01\\\/robisa-rgb_negro-NEW-02.png\",\"width\":675,\"height\":298,\"caption\":\"Robisa\"},\"image\":{\"@id\":\"https:\\\/\\\/www.robisa.es\\\/pt\\\/#\\\/schema\\\/logo\\\/image\\\/\"},\"sameAs\":[\"http:\\\/\\\/www.facebook.com\\\/pages\\\/ROBISA\\\/236622023060912\",\"https:\\\/\\\/x.com\\\/ROBISA\",\"https:\\\/\\\/www.instagram.com\\\/robisa.es\\\/\",\"https:\\\/\\\/www.linkedin.com\\\/company\\\/rodolfo-biber-s-a-robisa-\",\"http:\\\/\\\/www.youtube.com\\\/user\\\/robisavideos\"]}]}<\/script>\n<!-- \/ Yoast SEO plugin. -->","yoast_head_json":{"title":"NEWSLETTERS SAMYANG MAGACIN - ROBISA","description":"Cat\u00e1logo Magacin NEWSLETTERS \u00b7 SAMYANG","robots":{"index":"index","follow":"follow","max-snippet":"max-snippet:-1","max-image-preview":"max-image-preview:large","max-video-preview":"max-video-preview:-1"},"canonical":"https:\/\/www.robisa.es\/pt\/newsletters-samyang\/","og_locale":"pt_PT","og_type":"article","og_title":"NEWSLETTERS SAMYANG MAGACIN - ROBISA","og_description":"Cat\u00e1logo Magacin NEWSLETTERS \u00b7 SAMYANG","og_url":"https:\/\/www.robisa.es\/pt\/newsletters-samyang\/","og_site_name":"ROBISA","article_publisher":"http:\/\/www.facebook.com\/pages\/ROBISA\/236622023060912","article_modified_time":"2024-04-03T11:32:41+00:00","twitter_card":"summary_large_image","twitter_site":"@ROBISA","twitter_misc":{"Est. reading time":"3 minutes"},"schema":{"@context":"https:\/\/schema.org","@graph":[{"@type":"WebPage","@id":"https:\/\/www.robisa.es\/pt\/newsletters-samyang\/","url":"https:\/\/www.robisa.es\/pt\/newsletters-samyang\/","name":"NEWSLETTERS SAMYANG MAGACIN - ROBISA","isPartOf":{"@id":"https:\/\/www.robisa.es\/pt\/#website"},"datePublished":"2016-07-30T09:17:32+00:00","dateModified":"2024-04-03T11:32:41+00:00","description":"Cat\u00e1logo Magacin NEWSLETTERS \u00b7 SAMYANG","breadcrumb":{"@id":"https:\/\/www.robisa.es\/pt\/newsletters-samyang\/#breadcrumb"},"inLanguage":"pt","potentialAction":[{"@type":"ReadAction","target":["https:\/\/www.robisa.es\/pt\/newsletters-samyang\/"]}]},{"@type":"BreadcrumbList","@id":"https:\/\/www.robisa.es\/pt\/newsletters-samyang\/#breadcrumb","itemListElement":[{"@type":"ListItem","position":1,"name":"Portada","item":"https:\/\/www.robisa.es\/pt\/home\/"},{"@type":"ListItem","position":2,"name":"NEWSLETTERS SAMYANG"}]},{"@type":"WebSite","@id":"https:\/\/www.robisa.es\/pt\/#website","url":"https:\/\/www.robisa.es\/pt\/","name":"ROBISA","description":"Los mejores productos de fotograf\u00eda para profesionales y particulares con total garant\u00eda","publisher":{"@id":"https:\/\/www.robisa.es\/pt\/#organization"},"potentialAction":[{"@type":"SearchAction","target":{"@type":"EntryPoint","urlTemplate":"https:\/\/www.robisa.es\/pt\/?s={search_term_string}"},"query-input":{"@type":"PropertyValueSpecification","valueRequired":true,"valueName":"search_term_string"}}],"inLanguage":"pt"},{"@type":"Organization","@id":"https:\/\/www.robisa.es\/pt\/#organization","name":"Robisa","url":"https:\/\/www.robisa.es\/pt\/","logo":{"@type":"ImageObject","inLanguage":"pt","@id":"https:\/\/www.robisa.es\/pt\/#\/schema\/logo\/image\/","url":"https:\/\/www.robisa.es\/wp-content\/uploads\/2016\/01\/robisa-rgb_negro-NEW-02.png","contentUrl":"https:\/\/www.robisa.es\/wp-content\/uploads\/2016\/01\/robisa-rgb_negro-NEW-02.png","width":675,"height":298,"caption":"Robisa"},"image":{"@id":"https:\/\/www.robisa.es\/pt\/#\/schema\/logo\/image\/"},"sameAs":["http:\/\/www.facebook.com\/pages\/ROBISA\/236622023060912","https:\/\/x.com\/ROBISA","https:\/\/www.instagram.com\/robisa.es\/","https:\/\/www.linkedin.com\/company\/rodolfo-biber-s-a-robisa-","http:\/\/www.youtube.com\/user\/robisavideos"]}]}},"_links":{"self":[{"href":"https:\/\/www.robisa.es\/pt\/wp-json\/wp\/v2\/pages\/7417","targetHints":{"allow":["GET"]}}],"collection":[{"href":"https:\/\/www.robisa.es\/pt\/wp-json\/wp\/v2\/pages"}],"about":[{"href":"https:\/\/www.robisa.es\/pt\/wp-json\/wp\/v2\/types\/page"}],"author":[{"embeddable":true,"href":"https:\/\/www.robisa.es\/pt\/wp-json\/wp\/v2\/users\/2"}],"replies":[{"embeddable":true,"href":"https:\/\/www.robisa.es\/pt\/wp-json\/wp\/v2\/comments?post=7417"}],"version-history":[{"count":2,"href":"https:\/\/www.robisa.es\/pt\/wp-json\/wp\/v2\/pages\/7417\/revisions"}],"predecessor-version":[{"id":70077,"href":"https:\/\/www.robisa.es\/pt\/wp-json\/wp\/v2\/pages\/7417\/revisions\/70077"}],"wp:attachment":[{"href":"https:\/\/www.robisa.es\/pt\/wp-json\/wp\/v2\/media?parent=7417"}],"curies":[{"name":"wp","href":"https:\/\/api.w.org\/{rel}","templated":true}]}}